{"id":1988,"date":"2023-07-20T12:05:50","date_gmt":"2023-07-20T05:05:50","guid":{"rendered":"https:\/\/thammyvanity.vn\/?page_id=1988"},"modified":"2023-07-25T11:27:42","modified_gmt":"2023-07-25T04:27:42","slug":"dieu-tri-viem-nang-long-tai-vanity-aesthetics-beauty-clinic","status":"publish","type":"page","link":"https:\/\/thammyvanity.vn\/en\/dieu-tri-viem-nang-long-tai-vanity-aesthetics-beauty-clinic\/","title":{"rendered":"\u0110i\u1ec1u tr\u1ecb vi\u00eam nang l\u00f4ng t\u1ea1i Vanity Aesthetics &#038; Beauty Clinic"},"content":{"rendered":"<p>\n<div class=\"container section-title-container\" ><h2 class=\"section-title section-title-center\"><b><\/b><span class=\"section-title-main\" style=\"color:rgb(64, 0, 124);\">TREATING FOLLICULITIS AT VANITY AESTHETICS &amp; BEAUTY CLINIC<\/span><b><\/b><\/h2><\/div>\n\n<div class=\"message-box relative dark\" style=\"padding-top:15px;padding-bottom:15px;\"><div class=\"message-box-bg-image bg-fill fill\" ><\/div><div class=\"message-box-bg-overlay bg-fill fill\" style=\"background-color:rgb(110, 22, 157);\"><\/div><div class=\"container relative\"><div class=\"inner last-reset\">\n\n<div class=\"row align-middle align-center\"  id=\"row-64156886\">\n\n\n\t<div id=\"col-967936331\" class=\"col small-12 large-12\"  >\n\t\t\t\t<div class=\"col-inner\"  >\n\t\t\t\n\t\t\t\n\n\t<div id=\"text-915478146\" class=\"text\">\n\t\t\n\n<\/p>\r\n<p><em>Folliculitis is a common skin condition caused by the inflammation and infection of hair follicles. This condition can manifest on various parts of the body such as the arms, buttocks, back, and legs. Initially, folliculitis appears as red bumps or pimples, but as they progress, they can spread to other areas. If folliculitis is not promptly and properly treated, it can lead to complications for the patient.<\/em><\/p>\r\n<p>\n\t\t\n<style>\n#text-915478146 {\n  font-size: 1.25rem;\n}\n<\/style>\n\t<\/div>\n\t\n\n\t\t<\/div>\n\t\t\t\t\t<\/div>\n\n\t\n\n<\/div>\n\n<\/div><\/div><\/div>\n\t<div id=\"gap-1976756841\" class=\"gap-element clearfix\" style=\"display:block; height:auto;\">\n\t\t\n<style>\n#gap-1976756841 {\n  padding-top: 10px;\n}\n<\/style>\n\t<\/div>\n\t\n\n<div class=\"row\"  id=\"row-1359145787\">\n\n\n\t<div id=\"col-500716273\" class=\"col small-12 large-12\"  >\n\t\t\t\t<div class=\"col-inner text-center\"  >\n\t\t\t\n\t\t\t\n\n\t<div class=\"img has-hover x md-x lg-x y md-y lg-y\" id=\"image_334822336\">\n\t\t\t\t\t\t<div data-animate=\"fadeInRight\">\t\t<div class=\"img-inner dark\" >\n\t\t\t<img loading=\"lazy\" decoding=\"async\" width=\"1020\" height=\"765\" src=\"https:\/\/thammyvanity.vn\/wp-content\/uploads\/2023\/07\/23-1024x768.png\" class=\"attachment-large size-large\" alt=\"\" srcset=\"https:\/\/thammyvanity.vn\/wp-content\/uploads\/2023\/07\/23-1024x768.png 1024w, https:\/\/thammyvanity.vn\/wp-content\/uploads\/2023\/07\/23-300x225.png 300w, https:\/\/thammyvanity.vn\/wp-content\/uploads\/2023\/07\/23-768x576.png 768w, https:\/\/thammyvanity.vn\/wp-content\/uploads\/2023\/07\/23.png 1200w\" sizes=\"auto, (max-width: 1020px) 100vw, 1020px\" \/>\t\t\t\t\t\t\n\t\t\t\t\t<\/div>\n\t\t<\/div>\t\t\t\t\t\t\n<style>\n#image_334822336 {\n  width: 54%;\n}\n<\/style>\n\t<\/div>\n\t\n\n\n\t\t<\/div>\n\t\t\t\t\n<style>\n#col-500716273 > .col-inner {\n  padding: -20px 0px 0px 0px;\n  margin: 0px 0px -30px 0px;\n}\n<\/style>\n\t<\/div>\n\n\t\n\n\t<div id=\"col-326470121\" class=\"col small-12 large-12\"  >\n\t\t\t\t<div class=\"col-inner\"  >\n\t\t\t\n\t\t\t\n\n\t<div id=\"text-2499772430\" class=\"text\">\n\t\t\n\n<\/p>\r\n<h2>1. Symptoms and Causes of Folliculitis<\/h2>\r\n<p>\n\t\t\n<style>\n#text-2499772430 {\n  font-size: 1rem;\n  line-height: 1.1;\n}\n<\/style>\n\t<\/div>\n\t\n\n\t\t<\/div>\n\t\t\t\t\n<style>\n#col-326470121 > .col-inner {\n  margin: 0px 0px -30px 0px;\n}\n<\/style>\n\t<\/div>\n\n\t\n\n\t<div id=\"col-472543824\" class=\"col small-12 large-12\"  >\n\t\t\t\t<div class=\"col-inner\"  >\n\t\t\t\n\t\t\t\n\n\t<div id=\"text-2919158777\" class=\"text\">\n\t\t\n\n<\/p>\r\n<p>The signs of folliculitis are easily recognizable. Individuals with folliculitis may experience:<\/p>\r\n<ul>\r\n<li>Red, bumpy skin with white scales above the hair follicles.<\/li>\r\n<li>The appearance of numerous bumps of varying sizes, sometimes swollen and resembling inflamed pimples.<\/li>\r\n<li>Sensations of pain or itching in the affected areas.<\/li>\r\n<li>The affected skin areas feel rough and bumpy.<\/li>\r\n<\/ul>\r\n<p>Dermatologists have identified the causes of folliculitis as infections of the hair follicles or other skin conditions. Contributing factors to the development of folliculitis include:<\/p>\r\n<ul>\r\n<li>Recurring infections despite previous acne treatment.<\/li>\r\n<li>Underlying skin conditions such as acne or dermatitis.<\/li>\r\n<li>Extreme weather conditions leading to skin blockage or abnormal functioning.<\/li>\r\n<li>Friction on hair follicles due to tight clothing.<\/li>\r\n<li>Improper shaving techniques causing follicle damage and infection.<\/li>\r\n<li>Bacterial infections from other microorganisms on the skin.<\/li>\r\n<\/ul>\r\n<p>\n\t\t\n<style>\n#text-2919158777 {\n  font-size: 1rem;\n}\n<\/style>\n\t<\/div>\n\t\n\n\t\t<\/div>\n\t\t\t\t\n<style>\n#col-472543824 > .col-inner {\n  padding: 0px 0px -30px 0px;\n  margin: 0px 0px -30px 0px;\n}\n<\/style>\n\t<\/div>\n\n\t\n\n\t<div id=\"col-2009638492\" class=\"col small-12 large-12\"  >\n\t\t\t\t<div class=\"col-inner text-center\"  >\n\t\t\t\n\t\t\t\n\n\t<div class=\"img has-hover x md-x lg-x y md-y lg-y\" id=\"image_1182898886\">\n\t\t\t\t\t\t\t\t<div class=\"img-inner dark\" >\n\t\t\t<img loading=\"lazy\" decoding=\"async\" width=\"1020\" height=\"765\" src=\"https:\/\/thammyvanity.vn\/wp-content\/uploads\/2023\/07\/28-1024x768.png\" class=\"attachment-large size-large\" alt=\"\" srcset=\"https:\/\/thammyvanity.vn\/wp-content\/uploads\/2023\/07\/28-1024x768.png 1024w, https:\/\/thammyvanity.vn\/wp-content\/uploads\/2023\/07\/28-300x225.png 300w, https:\/\/thammyvanity.vn\/wp-content\/uploads\/2023\/07\/28-768x576.png 768w, https:\/\/thammyvanity.vn\/wp-content\/uploads\/2023\/07\/28.png 1200w\" sizes=\"auto, (max-width: 1020px) 100vw, 1020px\" \/>\t\t\t\t\t\t\n\t\t\t\t\t<\/div>\n\t\t\t\t\t\t\t\t\n<style>\n#image_1182898886 {\n  width: 53%;\n}\n<\/style>\n\t<\/div>\n\t\n\n\n\t\t<\/div>\n\t\t\t\t\n<style>\n#col-2009638492 > .col-inner {\n  padding: 0px 0px -30px 0px;\n  margin: 0px 0px -30px 0px;\n}\n<\/style>\n\t<\/div>\n\n\t\n\n<\/div>\n<div class=\"row row-collapse\"  id=\"row-172693338\">\n\n\n\t<div id=\"col-1961090178\" class=\"col small-12 large-12\"  >\n\t\t\t\t<div class=\"col-inner\"  >\n\t\t\t\n\t\t\t\n\n<\/p>\n<h2>2. Impact of Folliculitis on Health<\/h2>\n<p>\n\n\t\t<\/div>\n\t\t\t\t\t<\/div>\n\n\t\n\n<\/div>\n<div class=\"row row-collapse\"  id=\"row-901872656\">\n\n\n\t<div id=\"col-482522554\" class=\"col small-12 large-12\"  >\n\t\t\t\t<div class=\"col-inner\"  >\n\t\t\t\n\t\t\t\n\n<\/p>\n<p>Folliculitis causes discomfort, itching, and negatively affects the aesthetics of the skin, significantly impacting the patient's daily life and well-being. Although not life-threatening, untreated folliculitis can result in severe consequences. Particularly in cases of severe infection, the condition can rapidly spread and worsen.<\/p>\n<p>Some serious complications associated with untreated folliculitis include:<\/p>\n<ul>\n<li>Continuous recurrence of infections due to persistent inflammation.<\/li>\n<li>Spread of folliculitis from one area to other parts of the body.<\/li>\n<li>Persistent scarring or dark spots on the skin.<\/li>\n<li>Permanent hair loss and destruction of hair follicles in the affected area.<\/li>\n<\/ul>\n<p>To treat folliculitis comprehensively, individuals should seek medical examination and follow the guidance of a medical professional.<\/p>\n<p>\n\n\t\t<\/div>\n\t\t\t\t\t<\/div>\n\n\t\n\n\t<div id=\"col-1252078858\" class=\"col medium-6 small-12 large-6\"  >\n\t\t\t\t<div class=\"col-inner\"  >\n\t\t\t\n\t\t\t\n\n\t<div class=\"img has-hover x md-x lg-x y md-y lg-y\" id=\"image_1747887316\">\n\t\t\t\t\t\t\t\t<div class=\"img-inner dark\" >\n\t\t\t<img loading=\"lazy\" decoding=\"async\" width=\"1020\" height=\"765\" src=\"https:\/\/thammyvanity.vn\/wp-content\/uploads\/2023\/07\/25-1024x768.png\" class=\"attachment-large size-large\" alt=\"\" srcset=\"https:\/\/thammyvanity.vn\/wp-content\/uploads\/2023\/07\/25-1024x768.png 1024w, https:\/\/thammyvanity.vn\/wp-content\/uploads\/2023\/07\/25-300x225.png 300w, https:\/\/thammyvanity.vn\/wp-content\/uploads\/2023\/07\/25-768x576.png 768w, https:\/\/thammyvanity.vn\/wp-content\/uploads\/2023\/07\/25.png 1200w\" sizes=\"auto, (max-width: 1020px) 100vw, 1020px\" \/>\t\t\t\t\t\t\n\t\t\t\t\t<\/div>\n\t\t\t\t\t\t\t\t\n<style>\n#image_1747887316 {\n  width: 100%;\n}\n<\/style>\n\t<\/div>\n\t\n\n\n\t\t<\/div>\n\t\t\t\t\t<\/div>\n\n\t\n\n\t<div id=\"col-2054234792\" class=\"col medium-6 small-12 large-6\"  >\n\t\t\t\t<div class=\"col-inner\"  >\n\t\t\t\n\t\t\t\n\n\t<div class=\"img has-hover x md-x lg-x y md-y lg-y\" id=\"image_715093290\">\n\t\t\t\t\t\t\t\t<div class=\"img-inner dark\" >\n\t\t\t<img loading=\"lazy\" decoding=\"async\" width=\"1020\" height=\"765\" src=\"https:\/\/thammyvanity.vn\/wp-content\/uploads\/2023\/07\/26-1024x768.png\" class=\"attachment-large size-large\" alt=\"\" srcset=\"https:\/\/thammyvanity.vn\/wp-content\/uploads\/2023\/07\/26-1024x768.png 1024w, https:\/\/thammyvanity.vn\/wp-content\/uploads\/2023\/07\/26-300x225.png 300w, https:\/\/thammyvanity.vn\/wp-content\/uploads\/2023\/07\/26-768x576.png 768w, https:\/\/thammyvanity.vn\/wp-content\/uploads\/2023\/07\/26.png 1200w\" sizes=\"auto, (max-width: 1020px) 100vw, 1020px\" \/>\t\t\t\t\t\t\n\t\t\t\t\t<\/div>\n\t\t\t\t\t\t\t\t\n<style>\n#image_715093290 {\n  width: 100%;\n}\n<\/style>\n\t<\/div>\n\t\n\n\n\t\t<\/div>\n\t\t\t\t\t<\/div>\n\n\t\n\n<\/div>\n<div class=\"row row-collapse\"  id=\"row-549912901\">\n\n\n\t<div id=\"col-1918189592\" class=\"col small-12 large-12\"  >\n\t\t\t\t<div class=\"col-inner\"  >\n\t\t\t\n\t\t\t\n\n<\/p>\n<h2>3. Folliculitis Treatment at Vanity Aesthetics &amp; Beauty Clinic<\/h2>\n<p>\n\n\t\t<\/div>\n\t\t\t\t\t<\/div>\n\n\t\n\n\t<div id=\"col-1714255759\" class=\"col small-12 large-12\"  >\n\t\t\t\t<div class=\"col-inner\"  >\n\t\t\t\n\t\t\t\n\n<\/p>\n<p>At <em><strong>Vanity<\/strong><\/em>, clients undergo thorough consultations and receive personalized treatment plans from experienced dermatologists with diverse certifications in dermatology and aesthetics. Clients experience advanced Laser technology treatment following European standards. Coupled with the attentive care of the medical team at <em><strong>Vanity Aesthetics &amp; Beauty Clinic<\/strong><\/em>. Clients are provided post-treatment care instructions and scheduled follow-up appointments. To achieve the best results, it is crucial to adhere to the prescribed treatment plan and medical guidance from the healthcare professional.<\/p>\n<p>\n\n\t\t<\/div>\n\t\t\t\t\t<\/div>\n\n\t\n\n<\/div>\n<\/p>\n\n\n\t<div id=\"dat-lich\"\n\t     class=\"lightbox-by-id lightbox-content mfp-hide lightbox-white\"\n\t     style=\"max-width:600px ;padding:20px\">\n\t\t\n <iframe loading=\"lazy\" src=\"https:\/\/vanity.getflycrm.com\/api\/forms\/viewform\/?key=gjr3y3CEkDowdZxs8v8EabyLxwoV4Q5AyQwHKFd3XhubCT26kQ&referrer=\" width=\"100%\" height=\"400px\" frameborder=\"0\" marginheight=\"0\" marginwidth=\"0\">Loading ...<\/iframe> \n\t<\/div>\n\t\t\t<script>\n\t\t\t\/\/ Auto open lightboxes\n\t\t\tjQuery(document).ready(function ($) {\n\t\t\t\t\/* global flatsomeVars *\/\n\t\t\t\t'use strict'\n\t\t\t\tvar cookieId = 'lightbox_dat-lich'\n\t\t\t\tvar cookieValue = 'opened_1'\n\t\t\t\tvar timer = parseInt('30000', 10)\n\n\t\t\t\t\/\/ Auto open lightbox\n\t\t\t\t\n\t\t\t\t\/\/ Run lightbox if no cookie is set\n\t\t\t\tif (Flatsome.cookie(cookieId) !== cookieValue) {\n\n\t\t\t\t\t\/\/ Ensure closing off canvas\n\t\t\t\t\tsetTimeout(function () {\n\t\t\t\t\t\tif (jQuery.fn.magnificPopup) jQuery.magnificPopup.close()\n\t\t\t\t\t}, timer - 350)\n\n\t\t\t\t\t\/\/ Open lightbox\n\t\t\t\t\tsetTimeout(function () {\n\t\t\t\t\t\t$.loadMagnificPopup().then(function() {\n\t\t\t\t\t\t\t$.magnificPopup.open({\n\t\t\t\t\t\t\t\tmidClick: true,\n\t\t\t\t\t\t\t\tremovalDelay: 300,\n\t\t\t\t\t\t\t\t\/\/ closeBtnInside: flatsomeVars.lightbox.close_btn_inside,\n\t\t\t\t\t\t\t\t\/\/ closeMarkup: flatsomeVars.lightbox.close_markup,\n\t\t\t\t\t\t\t\titems: {\n\t\t\t\t\t\t\t\t\tsrc: '#dat-lich',\n\t\t\t\t\t\t\t\t\ttype: 'inline'\n\t\t\t\t\t\t\t\t}\n\t\t\t\t\t\t\t})\n\t\t\t\t\t\t})\n\t\t\t\t\t}, timer)\n\n\t\t\t\t\t\/\/ Set cookie\n\t\t\t\t\tFlatsome.cookie(cookieId, cookieValue, 365)\n\t\t\t\t}\n\t\t\t})\n\t\t<\/script>","protected":false},"excerpt":{"rendered":"","protected":false},"author":2,"featured_media":0,"parent":0,"menu_order":0,"comment_status":"closed","ping_status":"closed","template":"","meta":{"footnotes":""},"class_list":["post-1988","page","type-page","status-publish","hentry"],"yoast_head":"<!-- This site is optimized with the Yoast SEO Premium plugin v23.2 (Yoast SEO v24.0) - https:\/\/yoast.com\/wordpress\/plugins\/seo\/ -->\n<title>\u0110i\u1ec1u tr\u1ecb vi\u00eam nang l\u00f4ng t\u1ea1i Vanity Aesthetics &amp; Beauty Clinic<\/title>\n<meta name=\"description\" content=\"Ph\u01b0\u01a1ng ph\u00e1p \u0111i\u1ec1u tr\u1ecb vi\u00eam nang l\u00f4ng t\u1ea1i Vanity s\u1eed d\u1ee5ng c\u00f4ng ngh\u1ec7 laser tr\u1ecb m\u1ee5n hi\u1ec7n \u0111\u1ea1i kh\u00f4ng g\u00e2y t\u00e1c d\u1ee5ng ph\u1ee5 v\u00e0 \u0111\u1ea3m b\u1ea3o an to\u00e0n \u0111\u1ed1i v\u1edbi ng\u01b0\u1eddi s\u1eed d\u1ee5ng...\" \/>\n<meta name=\"robots\" content=\"index, follow, max-snippet:-1, max-image-preview:large, max-video-preview:-1\" \/>\n<link rel=\"canonical\" href=\"https:\/\/thammyvanity.vn\/en\/dieu-tri-viem-nang-long-tai-vanity-aesthetics-beauty-clinic\/\" \/>\n<meta property=\"og:locale\" content=\"en_US\" \/>\n<meta property=\"og:type\" content=\"article\" \/>\n<meta property=\"og:title\" content=\"\u0110i\u1ec1u tr\u1ecb vi\u00eam nang l\u00f4ng t\u1ea1i Vanity Aesthetics &amp; Beauty Clinic\" \/>\n<meta property=\"og:description\" content=\"Ph\u01b0\u01a1ng ph\u00e1p \u0111i\u1ec1u tr\u1ecb vi\u00eam nang l\u00f4ng t\u1ea1i Vanity s\u1eed d\u1ee5ng c\u00f4ng ngh\u1ec7 laser tr\u1ecb m\u1ee5n hi\u1ec7n \u0111\u1ea1i kh\u00f4ng g\u00e2y t\u00e1c d\u1ee5ng ph\u1ee5 v\u00e0 \u0111\u1ea3m b\u1ea3o an to\u00e0n \u0111\u1ed1i v\u1edbi ng\u01b0\u1eddi s\u1eed d\u1ee5ng...\" \/>\n<meta property=\"og:url\" content=\"https:\/\/thammyvanity.vn\/en\/dieu-tri-viem-nang-long-tai-vanity-aesthetics-beauty-clinic\/\" \/>\n<meta property=\"og:site_name\" content=\"Th\u1ea9m m\u1ef9 Vanity\" \/>\n<meta property=\"article:publisher\" content=\"https:\/\/www.facebook.com\/thammyvanity\" \/>\n<meta property=\"article:modified_time\" content=\"2023-07-25T04:27:42+00:00\" \/>\n<meta name=\"twitter:card\" content=\"summary_large_image\" \/>\n<meta name=\"twitter:label1\" content=\"Est. reading time\" \/>\n\t<meta name=\"twitter:data1\" content=\"7 minutes\" \/>\n<script type=\"application\/ld+json\" class=\"yoast-schema-graph\">{\"@context\":\"https:\/\/schema.org\",\"@graph\":[{\"@type\":\"WebPage\",\"@id\":\"https:\/\/thammyvanity.vn\/en\/dieu-tri-viem-nang-long-tai-vanity-aesthetics-beauty-clinic\/\",\"url\":\"https:\/\/thammyvanity.vn\/en\/dieu-tri-viem-nang-long-tai-vanity-aesthetics-beauty-clinic\/\",\"name\":\"\u0110i\u1ec1u tr\u1ecb vi\u00eam nang l\u00f4ng t\u1ea1i Vanity Aesthetics & Beauty Clinic\",\"isPartOf\":{\"@id\":\"https:\/\/thammyvanity.vn\/#website\"},\"datePublished\":\"2023-07-20T05:05:50+00:00\",\"dateModified\":\"2023-07-25T04:27:42+00:00\",\"description\":\"Ph\u01b0\u01a1ng ph\u00e1p \u0111i\u1ec1u tr\u1ecb vi\u00eam nang l\u00f4ng t\u1ea1i Vanity s\u1eed d\u1ee5ng c\u00f4ng ngh\u1ec7 laser tr\u1ecb m\u1ee5n hi\u1ec7n \u0111\u1ea1i kh\u00f4ng g\u00e2y t\u00e1c d\u1ee5ng ph\u1ee5 v\u00e0 \u0111\u1ea3m b\u1ea3o an to\u00e0n \u0111\u1ed1i v\u1edbi ng\u01b0\u1eddi s\u1eed d\u1ee5ng...\",\"breadcrumb\":{\"@id\":\"https:\/\/thammyvanity.vn\/en\/dieu-tri-viem-nang-long-tai-vanity-aesthetics-beauty-clinic\/#breadcrumb\"},\"inLanguage\":\"en-US\",\"potentialAction\":[{\"@type\":\"ReadAction\",\"target\":[\"https:\/\/thammyvanity.vn\/en\/dieu-tri-viem-nang-long-tai-vanity-aesthetics-beauty-clinic\/\"]}]},{\"@type\":\"BreadcrumbList\",\"@id\":\"https:\/\/thammyvanity.vn\/en\/dieu-tri-viem-nang-long-tai-vanity-aesthetics-beauty-clinic\/#breadcrumb\",\"itemListElement\":[{\"@type\":\"ListItem\",\"position\":1,\"name\":\"Home\",\"item\":\"https:\/\/thammyvanity.vn\/\"},{\"@type\":\"ListItem\",\"position\":2,\"name\":\"\u0110i\u1ec1u tr\u1ecb vi\u00eam nang l\u00f4ng t\u1ea1i Vanity Aesthetics &#038; Beauty Clinic\"}]},{\"@type\":\"WebSite\",\"@id\":\"https:\/\/thammyvanity.vn\/#website\",\"url\":\"https:\/\/thammyvanity.vn\/\",\"name\":\"Th\u1ea9m m\u1ef9 Vanity\",\"description\":\"\",\"publisher\":{\"@id\":\"https:\/\/thammyvanity.vn\/#organization\"},\"potentialAction\":[{\"@type\":\"SearchAction\",\"target\":{\"@type\":\"EntryPoint\",\"urlTemplate\":\"https:\/\/thammyvanity.vn\/?s={search_term_string}\"},\"query-input\":{\"@type\":\"PropertyValueSpecification\",\"valueRequired\":true,\"valueName\":\"search_term_string\"}}],\"inLanguage\":\"en-US\"},{\"@type\":\"Organization\",\"@id\":\"https:\/\/thammyvanity.vn\/#organization\",\"name\":\"Th\u1ea9m m\u1ef9 Vanity\",\"url\":\"https:\/\/thammyvanity.vn\/\",\"logo\":{\"@type\":\"ImageObject\",\"inLanguage\":\"en-US\",\"@id\":\"https:\/\/thammyvanity.vn\/#\/schema\/logo\/image\/\",\"url\":\"https:\/\/thammyvanity.vn\/wp-content\/uploads\/2023\/05\/logo-width.png\",\"contentUrl\":\"https:\/\/thammyvanity.vn\/wp-content\/uploads\/2023\/05\/logo-width.png\",\"width\":279,\"height\":106,\"caption\":\"Th\u1ea9m m\u1ef9 Vanity\"},\"image\":{\"@id\":\"https:\/\/thammyvanity.vn\/#\/schema\/logo\/image\/\"},\"sameAs\":[\"https:\/\/www.facebook.com\/thammyvanity\"]}]}<\/script>\n<!-- \/ Yoast SEO Premium plugin. -->","yoast_head_json":{"title":"\u0110i\u1ec1u tr\u1ecb vi\u00eam nang l\u00f4ng t\u1ea1i Vanity Aesthetics & Beauty Clinic","description":"Ph\u01b0\u01a1ng ph\u00e1p \u0111i\u1ec1u tr\u1ecb vi\u00eam nang l\u00f4ng t\u1ea1i Vanity s\u1eed d\u1ee5ng c\u00f4ng ngh\u1ec7 laser tr\u1ecb m\u1ee5n hi\u1ec7n \u0111\u1ea1i kh\u00f4ng g\u00e2y t\u00e1c d\u1ee5ng ph\u1ee5 v\u00e0 \u0111\u1ea3m b\u1ea3o an to\u00e0n \u0111\u1ed1i v\u1edbi ng\u01b0\u1eddi s\u1eed d\u1ee5ng...","robots":{"index":"index","follow":"follow","max-snippet":"max-snippet:-1","max-image-preview":"max-image-preview:large","max-video-preview":"max-video-preview:-1"},"canonical":"https:\/\/thammyvanity.vn\/en\/dieu-tri-viem-nang-long-tai-vanity-aesthetics-beauty-clinic\/","og_locale":"en_US","og_type":"article","og_title":"\u0110i\u1ec1u tr\u1ecb vi\u00eam nang l\u00f4ng t\u1ea1i Vanity Aesthetics & Beauty Clinic","og_description":"Ph\u01b0\u01a1ng ph\u00e1p \u0111i\u1ec1u tr\u1ecb vi\u00eam nang l\u00f4ng t\u1ea1i Vanity s\u1eed d\u1ee5ng c\u00f4ng ngh\u1ec7 laser tr\u1ecb m\u1ee5n hi\u1ec7n \u0111\u1ea1i kh\u00f4ng g\u00e2y t\u00e1c d\u1ee5ng ph\u1ee5 v\u00e0 \u0111\u1ea3m b\u1ea3o an to\u00e0n \u0111\u1ed1i v\u1edbi ng\u01b0\u1eddi s\u1eed d\u1ee5ng...","og_url":"https:\/\/thammyvanity.vn\/en\/dieu-tri-viem-nang-long-tai-vanity-aesthetics-beauty-clinic\/","og_site_name":"Th\u1ea9m m\u1ef9 Vanity","article_publisher":"https:\/\/www.facebook.com\/thammyvanity","article_modified_time":"2023-07-25T04:27:42+00:00","twitter_card":"summary_large_image","twitter_misc":{"Est. reading time":"7 minutes"},"schema":{"@context":"https:\/\/schema.org","@graph":[{"@type":"WebPage","@id":"https:\/\/thammyvanity.vn\/en\/dieu-tri-viem-nang-long-tai-vanity-aesthetics-beauty-clinic\/","url":"https:\/\/thammyvanity.vn\/en\/dieu-tri-viem-nang-long-tai-vanity-aesthetics-beauty-clinic\/","name":"\u0110i\u1ec1u tr\u1ecb vi\u00eam nang l\u00f4ng t\u1ea1i Vanity Aesthetics & Beauty Clinic","isPartOf":{"@id":"https:\/\/thammyvanity.vn\/#website"},"datePublished":"2023-07-20T05:05:50+00:00","dateModified":"2023-07-25T04:27:42+00:00","description":"Ph\u01b0\u01a1ng ph\u00e1p \u0111i\u1ec1u tr\u1ecb vi\u00eam nang l\u00f4ng t\u1ea1i Vanity s\u1eed d\u1ee5ng c\u00f4ng ngh\u1ec7 laser tr\u1ecb m\u1ee5n hi\u1ec7n \u0111\u1ea1i kh\u00f4ng g\u00e2y t\u00e1c d\u1ee5ng ph\u1ee5 v\u00e0 \u0111\u1ea3m b\u1ea3o an to\u00e0n \u0111\u1ed1i v\u1edbi ng\u01b0\u1eddi s\u1eed d\u1ee5ng...","breadcrumb":{"@id":"https:\/\/thammyvanity.vn\/en\/dieu-tri-viem-nang-long-tai-vanity-aesthetics-beauty-clinic\/#breadcrumb"},"inLanguage":"en-US","potentialAction":[{"@type":"ReadAction","target":["https:\/\/thammyvanity.vn\/en\/dieu-tri-viem-nang-long-tai-vanity-aesthetics-beauty-clinic\/"]}]},{"@type":"BreadcrumbList","@id":"https:\/\/thammyvanity.vn\/en\/dieu-tri-viem-nang-long-tai-vanity-aesthetics-beauty-clinic\/#breadcrumb","itemListElement":[{"@type":"ListItem","position":1,"name":"Home","item":"https:\/\/thammyvanity.vn\/"},{"@type":"ListItem","position":2,"name":"\u0110i\u1ec1u tr\u1ecb vi\u00eam nang l\u00f4ng t\u1ea1i Vanity Aesthetics &#038; Beauty Clinic"}]},{"@type":"WebSite","@id":"https:\/\/thammyvanity.vn\/#website","url":"https:\/\/thammyvanity.vn\/","name":"Th\u1ea9m m\u1ef9 Vanity","description":"","publisher":{"@id":"https:\/\/thammyvanity.vn\/#organization"},"potentialAction":[{"@type":"SearchAction","target":{"@type":"EntryPoint","urlTemplate":"https:\/\/thammyvanity.vn\/?s={search_term_string}"},"query-input":{"@type":"PropertyValueSpecification","valueRequired":true,"valueName":"search_term_string"}}],"inLanguage":"en-US"},{"@type":"Organization","@id":"https:\/\/thammyvanity.vn\/#organization","name":"Th\u1ea9m m\u1ef9 Vanity","url":"https:\/\/thammyvanity.vn\/","logo":{"@type":"ImageObject","inLanguage":"en-US","@id":"https:\/\/thammyvanity.vn\/#\/schema\/logo\/image\/","url":"https:\/\/thammyvanity.vn\/wp-content\/uploads\/2023\/05\/logo-width.png","contentUrl":"https:\/\/thammyvanity.vn\/wp-content\/uploads\/2023\/05\/logo-width.png","width":279,"height":106,"caption":"Th\u1ea9m m\u1ef9 Vanity"},"image":{"@id":"https:\/\/thammyvanity.vn\/#\/schema\/logo\/image\/"},"sameAs":["https:\/\/www.facebook.com\/thammyvanity"]}]}},"_links":{"self":[{"href":"https:\/\/thammyvanity.vn\/en\/wp-json\/wp\/v2\/pages\/1988","targetHints":{"allow":["GET"]}}],"collection":[{"href":"https:\/\/thammyvanity.vn\/en\/wp-json\/wp\/v2\/pages"}],"about":[{"href":"https:\/\/thammyvanity.vn\/en\/wp-json\/wp\/v2\/types\/page"}],"author":[{"embeddable":true,"href":"https:\/\/thammyvanity.vn\/en\/wp-json\/wp\/v2\/users\/2"}],"replies":[{"embeddable":true,"href":"https:\/\/thammyvanity.vn\/en\/wp-json\/wp\/v2\/comments?post=1988"}],"version-history":[{"count":2,"href":"https:\/\/thammyvanity.vn\/en\/wp-json\/wp\/v2\/pages\/1988\/revisions"}],"predecessor-version":[{"id":2037,"href":"https:\/\/thammyvanity.vn\/en\/wp-json\/wp\/v2\/pages\/1988\/revisions\/2037"}],"wp:attachment":[{"href":"https:\/\/thammyvanity.vn\/en\/wp-json\/wp\/v2\/media?parent=1988"}],"curies":[{"name":"wp","href":"https:\/\/api.w.org\/{rel}","templated":true}]}}