{"id":1541,"date":"2023-05-29T02:30:54","date_gmt":"2023-05-29T02:30:54","guid":{"rendered":"https:\/\/vanity.lamvinhnguyen.com\/?page_id=1541"},"modified":"2025-10-28T10:36:30","modified_gmt":"2025-10-28T03:36:30","slug":"bao-tri","status":"publish","type":"page","link":"https:\/\/thammyvanity.vn\/en\/bao-tri\/","title":{"rendered":"B\u1ea3o tr\u00ec"},"content":{"rendered":"<section class=\"section dark\" id=\"section_303195563\">\n\t\t<div class=\"section-bg fill\" >\n\t\t\t<img loading=\"lazy\" decoding=\"async\" width=\"2560\" height=\"1707\" src=\"https:\/\/thammyvanity.vn\/wp-content\/uploads\/2023\/05\/DSC00427-scaled.jpg\" class=\"bg attachment- size-\" alt=\"\" \/>\t\t\t\t\t\t<div class=\"section-bg-overlay absolute fill\"><\/div>\n\t\t\t\n\n\t\t<\/div>\n\n\t\t\n\n\t\t<div class=\"section-content relative\">\n\t\t\t\n\n\t<div id=\"gap-1961925620\" class=\"gap-element clearfix\" style=\"display:block; height:auto;\">\n\t\t\n<style>\n#gap-1961925620 {\n  padding-top: 50px;\n}\n<\/style>\n\t<\/div>\n\t\n\n<div class=\"row align-center\"  id=\"row-456837289\">\n\n\n\t<div id=\"col-144423147\" class=\"col medium-9 small-12 large-7\"  >\n\t\t\t\t<div class=\"col-inner text-center\"  >\n\t\t\t\n\t\t\t\n\n\t<div id=\"text-2559615051\" class=\"text\">\n\t\t\n\n<\/p>\r\n<h2 class=\"uppercase\">b\u1ea3o tr\u00ec<\/h2>\r\n<p>\n\t\t\n<style>\n#text-2559615051 {\n  font-size: 1.5rem;\n}\n<\/style>\n\t<\/div>\n\t\n<\/p>\n<p>K\u00ednh ch\u00e0o qu\u00fd kh\u00e1ch, hi\u1ec7n website \u0111ang \u0111\u01b0\u1ee3c b\u1ea3o tr\u00ec. Vui l\u00f2ng quay l\u1ea1i sau.<br \/>Xin l\u1ed7i qu\u00fd kh\u00e1ch v\u1ec1 s\u1ef1 b\u1ea5t ti\u1ec7n n\u00e0y.<\/p>\n<p>Th\u1eddi gian d\u1ef1 ki\u1ebfn website s\u1ebd m\u1edf l\u1ea1i c\u00f2n:<\/p>\n<p>\n<div id=\"timer-347038852\" class=\"ux-timer light\" data-text-plural=\"s\" data-text-hour=\"hour\" data-text-day=\"Ng\u00e0y\" data-text-week=\"Tu\u1ea7n\" data-text-min=\"min\" data-text-sec=\"sec\" data-text-hour-p=\"Gi\u1edd\" data-text-day-p=\"Ng\u00e0y\" data-text-week-p=\"Tu\u1ea7n\" data-text-min-p=\"Ph\u00fat\" data-text-sec-p=\"Gi\u00e2y\" data-countdown=\"2025\/11\/11 18:00\"><span>&nbsp;<div class=\"loading-spin dark centered\"><\/div><strong>&nbsp;<\/strong><\/span><\/div>\n<style>\n#timer-347038852 {\n  font-size: 200%;\n}\n<\/style>\n\n\n\n\t\t<\/div>\n\t\t\t\t\t<\/div>\n\n\t\n\n<\/div>\n\n\t\t<\/div>\n\n\t\t\n<style>\n#section_303195563 {\n  padding-top: 30px;\n  padding-bottom: 30px;\n  min-height: 450px;\n}\n#section_303195563 .section-bg-overlay {\n  background-color: rgba(10, 1, 1, 0.738);\n}\n@media (min-width:550px) {\n  #section_303195563 {\n    min-height: 500px;\n  }\n}\n<\/style>\n\t<\/section>","protected":false},"excerpt":{"rendered":"","protected":false},"author":1,"featured_media":0,"parent":0,"menu_order":0,"comment_status":"closed","ping_status":"closed","template":"","meta":{"footnotes":""},"class_list":["post-1541","page","type-page","status-publish","hentry"],"yoast_head":"<!-- This site is optimized with the Yoast SEO Premium plugin v23.2 (Yoast SEO v24.0) - https:\/\/yoast.com\/wordpress\/plugins\/seo\/ -->\n<title>B\u1ea3o tr\u00ec - Th\u1ea9m m\u1ef9 Vanity<\/title>\n<meta name=\"robots\" content=\"index, follow, max-snippet:-1, max-image-preview:large, max-video-preview:-1\" \/>\n<link rel=\"canonical\" href=\"https:\/\/thammyvanity.vn\/en\/bao-tri\/\" \/>\n<meta property=\"og:locale\" content=\"en_US\" \/>\n<meta property=\"og:type\" content=\"article\" \/>\n<meta property=\"og:title\" content=\"B\u1ea3o tr\u00ec\" \/>\n<meta property=\"og:url\" content=\"https:\/\/thammyvanity.vn\/en\/bao-tri\/\" \/>\n<meta property=\"og:site_name\" content=\"Th\u1ea9m m\u1ef9 Vanity\" \/>\n<meta property=\"article:publisher\" content=\"https:\/\/www.facebook.com\/thammyvanity\" \/>\n<meta property=\"article:modified_time\" content=\"2025-10-28T03:36:30+00:00\" \/>\n<meta name=\"twitter:card\" content=\"summary_large_image\" \/>\n<meta name=\"twitter:label1\" content=\"Est. reading time\" \/>\n\t<meta name=\"twitter:data1\" content=\"1 minute\" \/>\n<script type=\"application\/ld+json\" class=\"yoast-schema-graph\">{\"@context\":\"https:\/\/schema.org\",\"@graph\":[{\"@type\":\"WebPage\",\"@id\":\"https:\/\/thammyvanity.vn\/bao-tri\/\",\"url\":\"https:\/\/thammyvanity.vn\/bao-tri\/\",\"name\":\"B\u1ea3o tr\u00ec - Th\u1ea9m m\u1ef9 Vanity\",\"isPartOf\":{\"@id\":\"https:\/\/thammyvanity.vn\/#website\"},\"datePublished\":\"2023-05-29T02:30:54+00:00\",\"dateModified\":\"2025-10-28T03:36:30+00:00\",\"breadcrumb\":{\"@id\":\"https:\/\/thammyvanity.vn\/bao-tri\/#breadcrumb\"},\"inLanguage\":\"en-US\",\"potentialAction\":[{\"@type\":\"ReadAction\",\"target\":[\"https:\/\/thammyvanity.vn\/bao-tri\/\"]}]},{\"@type\":\"BreadcrumbList\",\"@id\":\"https:\/\/thammyvanity.vn\/bao-tri\/#breadcrumb\",\"itemListElement\":[{\"@type\":\"ListItem\",\"position\":1,\"name\":\"Home\",\"item\":\"https:\/\/thammyvanity.vn\/\"},{\"@type\":\"ListItem\",\"position\":2,\"name\":\"B\u1ea3o tr\u00ec\"}]},{\"@type\":\"WebSite\",\"@id\":\"https:\/\/thammyvanity.vn\/#website\",\"url\":\"https:\/\/thammyvanity.vn\/\",\"name\":\"Th\u1ea9m m\u1ef9 Vanity\",\"description\":\"\",\"publisher\":{\"@id\":\"https:\/\/thammyvanity.vn\/#organization\"},\"potentialAction\":[{\"@type\":\"SearchAction\",\"target\":{\"@type\":\"EntryPoint\",\"urlTemplate\":\"https:\/\/thammyvanity.vn\/?s={search_term_string}\"},\"query-input\":{\"@type\":\"PropertyValueSpecification\",\"valueRequired\":true,\"valueName\":\"search_term_string\"}}],\"inLanguage\":\"en-US\"},{\"@type\":\"Organization\",\"@id\":\"https:\/\/thammyvanity.vn\/#organization\",\"name\":\"Th\u1ea9m m\u1ef9 Vanity\",\"url\":\"https:\/\/thammyvanity.vn\/\",\"logo\":{\"@type\":\"ImageObject\",\"inLanguage\":\"en-US\",\"@id\":\"https:\/\/thammyvanity.vn\/#\/schema\/logo\/image\/\",\"url\":\"https:\/\/thammyvanity.vn\/wp-content\/uploads\/2023\/05\/logo-width.png\",\"contentUrl\":\"https:\/\/thammyvanity.vn\/wp-content\/uploads\/2023\/05\/logo-width.png\",\"width\":279,\"height\":106,\"caption\":\"Th\u1ea9m m\u1ef9 Vanity\"},\"image\":{\"@id\":\"https:\/\/thammyvanity.vn\/#\/schema\/logo\/image\/\"},\"sameAs\":[\"https:\/\/www.facebook.com\/thammyvanity\"]}]}<\/script>\n<!-- \/ Yoast SEO Premium plugin. -->","yoast_head_json":{"title":"B\u1ea3o tr\u00ec - Th\u1ea9m m\u1ef9 Vanity","robots":{"index":"index","follow":"follow","max-snippet":"max-snippet:-1","max-image-preview":"max-image-preview:large","max-video-preview":"max-video-preview:-1"},"canonical":"https:\/\/thammyvanity.vn\/en\/bao-tri\/","og_locale":"en_US","og_type":"article","og_title":"B\u1ea3o tr\u00ec","og_url":"https:\/\/thammyvanity.vn\/en\/bao-tri\/","og_site_name":"Th\u1ea9m m\u1ef9 Vanity","article_publisher":"https:\/\/www.facebook.com\/thammyvanity","article_modified_time":"2025-10-28T03:36:30+00:00","twitter_card":"summary_large_image","twitter_misc":{"Est. reading time":"1 minute"},"schema":{"@context":"https:\/\/schema.org","@graph":[{"@type":"WebPage","@id":"https:\/\/thammyvanity.vn\/bao-tri\/","url":"https:\/\/thammyvanity.vn\/bao-tri\/","name":"B\u1ea3o tr\u00ec - Th\u1ea9m m\u1ef9 Vanity","isPartOf":{"@id":"https:\/\/thammyvanity.vn\/#website"},"datePublished":"2023-05-29T02:30:54+00:00","dateModified":"2025-10-28T03:36:30+00:00","breadcrumb":{"@id":"https:\/\/thammyvanity.vn\/bao-tri\/#breadcrumb"},"inLanguage":"en-US","potentialAction":[{"@type":"ReadAction","target":["https:\/\/thammyvanity.vn\/bao-tri\/"]}]},{"@type":"BreadcrumbList","@id":"https:\/\/thammyvanity.vn\/bao-tri\/#breadcrumb","itemListElement":[{"@type":"ListItem","position":1,"name":"Home","item":"https:\/\/thammyvanity.vn\/"},{"@type":"ListItem","position":2,"name":"B\u1ea3o tr\u00ec"}]},{"@type":"WebSite","@id":"https:\/\/thammyvanity.vn\/#website","url":"https:\/\/thammyvanity.vn\/","name":"Th\u1ea9m m\u1ef9 Vanity","description":"","publisher":{"@id":"https:\/\/thammyvanity.vn\/#organization"},"potentialAction":[{"@type":"SearchAction","target":{"@type":"EntryPoint","urlTemplate":"https:\/\/thammyvanity.vn\/?s={search_term_string}"},"query-input":{"@type":"PropertyValueSpecification","valueRequired":true,"valueName":"search_term_string"}}],"inLanguage":"en-US"},{"@type":"Organization","@id":"https:\/\/thammyvanity.vn\/#organization","name":"Th\u1ea9m m\u1ef9 Vanity","url":"https:\/\/thammyvanity.vn\/","logo":{"@type":"ImageObject","inLanguage":"en-US","@id":"https:\/\/thammyvanity.vn\/#\/schema\/logo\/image\/","url":"https:\/\/thammyvanity.vn\/wp-content\/uploads\/2023\/05\/logo-width.png","contentUrl":"https:\/\/thammyvanity.vn\/wp-content\/uploads\/2023\/05\/logo-width.png","width":279,"height":106,"caption":"Th\u1ea9m m\u1ef9 Vanity"},"image":{"@id":"https:\/\/thammyvanity.vn\/#\/schema\/logo\/image\/"},"sameAs":["https:\/\/www.facebook.com\/thammyvanity"]}]}},"_links":{"self":[{"href":"https:\/\/thammyvanity.vn\/en\/wp-json\/wp\/v2\/pages\/1541","targetHints":{"allow":["GET"]}}],"collection":[{"href":"https:\/\/thammyvanity.vn\/en\/wp-json\/wp\/v2\/pages"}],"about":[{"href":"https:\/\/thammyvanity.vn\/en\/wp-json\/wp\/v2\/types\/page"}],"author":[{"embeddable":true,"href":"https:\/\/thammyvanity.vn\/en\/wp-json\/wp\/v2\/users\/1"}],"replies":[{"embeddable":true,"href":"https:\/\/thammyvanity.vn\/en\/wp-json\/wp\/v2\/comments?post=1541"}],"version-history":[{"count":2,"href":"https:\/\/thammyvanity.vn\/en\/wp-json\/wp\/v2\/pages\/1541\/revisions"}],"predecessor-version":[{"id":3213,"href":"https:\/\/thammyvanity.vn\/en\/wp-json\/wp\/v2\/pages\/1541\/revisions\/3213"}],"wp:attachment":[{"href":"https:\/\/thammyvanity.vn\/en\/wp-json\/wp\/v2\/media?parent=1541"}],"curies":[{"name":"wp","href":"https:\/\/api.w.org\/{rel}","templated":true}]}}