{"id":1475,"date":"2023-05-28T08:03:37","date_gmt":"2023-05-28T08:03:37","guid":{"rendered":"https:\/\/vanity.lamvinhnguyen.com\/?page_id=1475"},"modified":"2023-05-28T08:03:37","modified_gmt":"2023-05-28T08:03:37","slug":"dieu-tri-nam","status":"publish","type":"page","link":"https:\/\/thammyvanity.vn\/en\/dieu-tri-nam\/","title":{"rendered":"\u0110i\u1ec1u tr\u1ecb n\u00e1m"},"content":{"rendered":"<p>\n\n\t<section class=\"section\" id=\"section_245064838\">\n\t\t<div class=\"section-bg fill\" >\n\t\t\t\t\t\t\t\t\t\n\t\t\t\n\n\t\t<\/div>\n\n\t\t\n\n\t\t<div class=\"section-content relative\">\n\t\t\t\n\n<div class=\"container section-title-container\" ><h3 class=\"section-title section-title-center\"><b><\/b><span class=\"section-title-main\" style=\"color:rgb(100, 6, 126);\"><i class=\"icon-heart\" ><\/i>\u0110i\u1ec1u Tr\u1ecb N\u00e1m V\u1edbi C\u00f4ng Ngh\u1ec7 Laser<\/span><b><\/b><\/h3><\/div>\n\n<p>N\u00e1m l\u00e0 m\u1ed9t trong nh\u1eefng v\u1ea5n \u0111\u1ec1 v\u1ec1 da t\u01b0\u01a1ng \u0111\u1ed1i kh\u00f3 ch\u1eefa, d\u00f9 c\u00f3 r\u1ea5t nhi\u1ec1u c\u00e1c ph\u01b0\u01a1ng ph\u00e1p ph\u1ed5 bi\u1ebfn \u0111\u01b0\u1ee3c s\u1eed d\u1ee5ng nh\u01b0: d\u00f9ng c\u00e1c nguy\u00ean li\u1ec7u t\u1ef1 nhi\u00ean, d\u00f9ng kem tr\u1ecb n\u00e1m\u2026 nh\u01b0ng hi\u1ec7u qu\u1ea3 \u0111em l\u1ea1i th\u01b0\u1eddng kh\u00f4ng cao. Hi\u1ec7n nay, v\u1edbi s\u1ef1 ph\u00e1t tri\u1ec3n c\u1ee7a ng\u00e0nh th\u1ea9m m\u1ef9, ra [\u2026]\n<p>N\u00e1m l\u00e0 m\u1ed9t trong nh\u1eefng v\u1ea5n \u0111\u1ec1 v\u1ec1 da t\u01b0\u01a1ng \u0111\u1ed1i kh\u00f3 ch\u1eefa, d\u00f9 c\u00f3 r\u1ea5t nhi\u1ec1u c\u00e1c ph\u01b0\u01a1ng ph\u00e1p ph\u1ed5 bi\u1ebfn \u0111\u01b0\u1ee3c s\u1eed d\u1ee5ng nh\u01b0: d\u00f9ng c\u00e1c nguy\u00ean li\u1ec7u t\u1ef1 nhi\u00ean, d\u00f9ng kem tr\u1ecb n\u00e1m\u2026 nh\u01b0ng hi\u1ec7u qu\u1ea3 \u0111em l\u1ea1i th\u01b0\u1eddng kh\u00f4ng cao.<\/p>\n<p>Hi\u1ec7n nay, v\u1edbi s\u1ef1 ph\u00e1t tri\u1ec3n c\u1ee7a ng\u00e0nh th\u1ea9m m\u1ef9, ra \u0111\u1eddi c\u00e1c c\u00f4ng ngh\u1ec7 \u0111i\u1ec1u tr\u1ecb n\u00e1m hi\u1ec7n \u0111\u1ea1i, t\u00e2n ti\u1ebfn c\u00f3 th\u1ec3 mang \u0111\u1ebfn hi\u1ec7u qu\u1ea3 tr\u1ecb n\u00e1m t\u1ed1i \u01b0u v\u00e0 h\u1ea1n ch\u1ebf \u0111\u01b0\u1ee3c c\u00e1c r\u1ee7i ro kh\u00f4ng mong mu.<\/p>\n<p>S\u1edf h\u1eefu l\u00e0n da c\u0103ng m\u1ecbn s\u1ea1ch n\u00e1m l\u00e0 \u0111i\u1ec1u m\u00e0 b\u1ea5t c\u1ee9 ng\u01b0\u1eddi n\u00e0o, nh\u1ea5t l\u00e0 ch\u1ecb em ph\u1ee5 n\u1eef lu\u00f4n ao \u01b0\u1edbc. Nd-yag laser l\u00e0 c\u00f4ng ngh\u1ec7 laser hi\u1ec7n \u0111\u1ea1i nh\u1ea5t th\u1ebf gi\u1edbi hi\u1ec7n nay c\u00f3 t\u1ea1i Vanity, v\u1ea5n \u0111\u1ec1 n\u00e1m da c\u1ee7a b\u1ea1n s\u1ebd d\u1ec5 d\u00e0ng \u0111\u01b0\u1ee3c gi\u1ea3i quy\u1ebft.<\/p>\n\n\t\t<\/div>\n\n\t\t\n<style>\n#section_245064838 {\n  padding-top: 0px;\n  padding-bottom: 0px;\n}\n<\/style>\n\t<\/section>\n\t\n\n\t<section class=\"section\" id=\"section_1262931169\">\n\t\t<div class=\"section-bg fill\" >\n\t\t\t\t\t\t\t\t\t\n\t\t\t\n\n\t\t<\/div>\n\n\t\t\n\n\t\t<div class=\"section-content relative\">\n\t\t\t\n\n<h3 id=\"h3-0\"><strong>1. C\u00f4ng ngh\u1ec7 Laser Nd Yag l\u00e0 g\u00ec?<\/strong><\/h3>\n<p>Tr\u1ecb n\u00e1m, t\u0103ng s\u1eafc t\u1ed1 da b\u1eb1ng laser Nd Yag l\u00e0 m\u1ed9t ph\u01b0\u01a1ng ph\u00e1p s\u1eed d\u1ee5ng tia laser c\u00f3 2 b\u01b0\u1edbc s\u00f3ng 1064nm v\u00e0 532nm t\u00e1c \u0111\u1ed9ng k\u00e9p v\u00e0o v\u00f9ng da n\u00e1m c\u1ea7n \u0111i\u1ec1u tr\u1ecb. Trong \u0111\u00f3:<\/p>\n<ul>\n<li>B\u01b0\u1edbc s\u00f3ng 532nm l\u00e0m ph\u00e1 h\u1ee7y h\u1eafc t\u1ed1 melanin \u1edf l\u1edbp th\u01b0\u1ee3ng b\u00ec.<\/li>\n<li>B\u01b0\u1edbc s\u00f3ng 1064nm l\u00e0m ph\u00e1 h\u1ee7y h\u1eafc t\u1ed1 melanin \u1edf l\u1edbp \u0111\u00e1y h\u1ea1 b\u00ec.<\/li>\n<\/ul>\n<p>Laser Nd Yag l\u00e0 m\u1ed9t c\u00f4ng ngh\u1ec7 \u0111\u1ea7u ti\u00ean c\u1ee7a th\u1ebf h\u1ec7 laser m\u00e0u. L\u00e0 ph\u01b0\u01a1ng ph\u00e1p s\u1eed d\u1ee5ng c\u00e1c tia laser c\u00f3 t\u00e1c \u0111\u1ed9ng \u0111\u1ebfn c\u00e1c t\u1ebf b\u00e0o s\u1eafc t\u1ed1 t\u1eeb b\u00ean trong. \u0110\u00e2y l\u00e0 c\u00f4ng ngh\u1ec7 \u0111\u01b0\u1ee3c \u1ee9ng d\u1ee5ng r\u1ea5t hi\u1ec7u qu\u1ea3 v\u1ec1 c\u00e1c v\u1ea5n \u0111\u1ec1 s\u1eafc t\u1ed1 da nh\u01b0 n\u00e1m, t\u00e0n nhang, \u0111\u1ed1m n\u00e2u, da kh\u00f4ng \u0111\u1ec1u m\u00e0u\u2026b\u1edfi v\u00ec n\u00f3 ph\u00e1 h\u1ee7y c\u00f3 s\u1ef1 ch\u1ecdn l\u1ecdc c\u00e1c t\u1ebf b\u00e0o h\u1eafc s\u1eafc t\u1ed1 melanin d\u01b0 th\u1eeba v\u00e0 gi\u1ea3m thi\u1ec3u s\u1ef1 khu\u1ebfch t\u00e1n nhi\u1ec7t \u0111\u1ed9 v\u1edbi nh\u1eefng m\u00f4 l\u00e0nh xung quanh.<\/p>\n<p>\u0110\u00e2y l\u00e0 gi\u1ea3i ph\u00e1p r\u1ea5t \u01b0u vi\u1ec7t gi\u00fap lo\u1ea1i b\u1ecf \u0111i c\u00e1c h\u1eafc t\u1ed1 g\u00e2y n\u00e1m \u0111\u1ec3 ch\u1ecb em ph\u1ee5 n\u1eef l\u1ea5y l\u1ea1i \u0111\u01b0\u1ee3c l\u00e0n da kh\u1ecfe \u0111\u1eb9p, \u0111\u1ec1u m\u00e0u.<\/p>\n<div class=\"row\"  id=\"row-130352174\">\n\n\n\t<div id=\"col-593997574\" class=\"col small-12 large-12\"  >\n\t\t\t\t<div class=\"col-inner text-center\"  >\n\t\t\t\n\t\t\t\n\n<\/p><p><i>\u00a0Contact the Hotline at 0901 779 927 for further information on internal weight loss methods.<\/i><\/p><p>\n<a data-animate=\"fadeInLeft\" class=\"button primary\"  style=\"border-radius:99px;\">\n\t<i class=\"icon-phone\" aria-hidden=\"true\" ><\/i>\t<span>0901 779 927<\/span>\n\t<\/a>\n\n\n\n\t\t<\/div>\n\t\t\t\t\t<\/div>\n\n\t\n\n<\/div>\n\n\t\t<\/div>\n\n\t\t\n<style>\n#section_1262931169 {\n  padding-top: 0px;\n  padding-bottom: 0px;\n}\n<\/style>\n\t<\/section>\n\t\n\n\t<section class=\"section\" id=\"section_2111736067\">\n\t\t<div class=\"section-bg fill\" >\n\t\t\t\t\t\t\t\t\t\n\t\t\t\n\n\t\t<\/div>\n\n\t\t\n\n\t\t<div class=\"section-content relative\">\n\t\t\t\n\n<h3 id=\"h3-1\"><strong>2. LASER ND YAG Q-SWITCHED gi\u00fap lo\u1ea1i b\u1ecf n\u00e1m hi\u1ec7u qu\u1ea3 nh\u01b0 th\u1ebf n\u00e0o?<\/strong><\/h3>\n<p>Nd-Yag Laser l\u00e0 th\u1ebf h\u1ec7 laser th\u00f4ng minh s\u1eed d\u1ee5ng \u0111\u1ed3ng th\u1eddi v\u1edbi 2 b\u01b0\u1edbc s\u00f3ng 1.064 nm v\u00e0 532 nm, s\u1ebd k\u1ebft h\u1ee3p quy tr\u00ecnh soft peel thu\u1ed9c h\u1ec7 th\u1ed1ng Q-switched t\u00e1c \u0111\u1ed9ng tr\u1ef1c ti\u1ebfp v\u00e0o c\u00e1c melanin g\u00e2y ra t\u00ecnh tr\u1ea1ng n\u00e1m. V\u1edbi hi\u1ec7u \u1ee9ng quang n\u0103ng ch\u1ecdn l\u1ecdc, b\u01b0\u1edbc s\u00f3ng 532nm gi\u00fap ph\u00e1 h\u1ee7y s\u1eafc t\u1ed1 \u1edf l\u1edbp n\u00f4ng th\u01b0\u1ee3ng b\u00ec, b\u01b0\u1edbc s\u00f3ng 1.064 nm s\u1ebd ph\u00e1 h\u1ee7y s\u1eafc t\u1ed1 \u1edf l\u1edbp \u0111\u00e1y h\u1ea1 b\u00ec. Qu\u00e1 tr\u00ecnh b\u1eafn ph\u00e1 n\u00e1m di\u1ec5n ra m\u1ea1nh m\u1ebd, \u0111\u1ed3ng th\u1eddi l\u00e0m c\u00e1c m\u1ea3ng s\u1eafc t\u1ed1 v\u1ee1 v\u1ee5n ra v\u00e0 b\u1ecb th\u1ef1c b\u00e0o ph\u00e2n h\u1ee7y th\u1ea3i ra ngo\u00e0i m\u1ed9t c\u00e1ch t\u1ef1 nhi\u00ean m\u00e0 kh\u00f4ng l\u00e0m t\u1ed5n th\u01b0\u01a1ng \u0111\u1ebfn m\u00f4 l\u00e0nh.<\/p>\n<p>Hi\u1ec7u qu\u1ea3 tr\u1ecb n\u00e1m \u0111\u1ea1t \u0111\u01b0\u1ee3c hi\u1ec7u qu\u1ea3 tuy\u1ec7t \u0111\u1ed1i, da c\u0103ng, s\u00e1ng m\u1ecbn, \u0111\u1ec1u m\u00e0u m\u00e0 l\u1ea1i c\u1ef1c k\u1ef3 an to\u00e0n, kh\u00f4ng \u0111au r\u00e1t, kh\u00f4ng l\u00e0m t\u1ed5n th\u01b0\u01a1ng \u0111\u1ebfn da. ND-YAG Laser l\u00e0 m\u1ed9t c\u00f4ng ngh\u1ec7 ti\u00ean ti\u1ebfn \u0111\u00e3 \u0111\u01b0\u1ee3c FDA ch\u1ee9ng nh\u1eadn v\u00e0 ki\u1ec3m \u0111\u1ecbnh. Hi\u1ec7u qu\u1ea3 khi \u0111i\u1ec1u tr\u1ecb n\u00e1m v\u1edbi Laser ND:<\/p>\n<ul>\n<li>Gi\u00fap \u0111i\u1ec1u tr\u1ecb hi\u1ec7u qu\u1ea3 l\u00ean \u0111\u1ebfn 90% b\u1ec7nh l\u00fd n\u00e1m da.<\/li>\n<li>N\u0103ng l\u01b0\u1ee3ng laser t\u00e1c \u0111\u1ed9ng k\u00edch th\u00edch t\u0103ng sinh collagen t\u00e1i t\u1ea1o l\u00e0n da m\u1edbi tr\u1eafng s\u00e1ng v\u00e0 c\u0103ng m\u1ecbn, gi\u1ea3m thi\u1ec3u c\u00e1c n\u1ebfp nh\u0103n.<\/li>\n<li>T\u00ecnh tr\u1ea1ng m\u1ee5n, da nh\u1eddn, l\u1ed7 ch\u00e2n l\u00f4ng to, da kh\u00f4 \u0111\u01b0\u1ee3c c\u1ea3i thi\u1ec7n r\u00f5 r\u1ec7t, tr\u1ea3 l\u1ea1i cho b\u1ea1n l\u00e0n da kh\u1ecfe m\u1ea1nh, t\u01b0\u01a1i s\u00e1ng, m\u1ecbn m\u00e0ng, s\u0103n ch\u1eafc.<\/li>\n<li>An to\u00e0n, kh\u00f4ng g\u00e2y \u0111au r\u00e1t, kh\u00f4ng t\u1ed5n th\u01b0\u01a1ng da v\u00e0 kh\u00f4ng c\u1ea7n ngh\u1ec9 d\u01b0\u1ee1ng.<\/li>\n<li>Ti\u1ebft ki\u1ec7m t\u1ed1i \u0111a \u0111\u01b0\u1ee3c th\u1eddi gian v\u00e0 chi ph\u00ed khi \u0111i\u1ec1u tr\u1ecb.<\/li>\n<\/ul>\n<div class=\"row\"  id=\"row-816653701\">\n\n\n\t<div id=\"col-1859361736\" class=\"col small-12 large-12\"  >\n\t\t\t\t<div class=\"col-inner text-center\"  >\n\t\t\t\n\t\t\t\n\n<\/p><p><i>\u00a0Contact the Hotline at 0901 779 927 for further information on internal weight loss methods.<\/i><\/p><p>\n<a data-animate=\"fadeInLeft\" class=\"button primary\"  style=\"border-radius:99px;\">\n\t<i class=\"icon-phone\" aria-hidden=\"true\" ><\/i>\t<span>0901 779 927<\/span>\n\t<\/a>\n\n\n\n\t\t<\/div>\n\t\t\t\t\t<\/div>\n\n\t\n\n<\/div>\n\n\t\t<\/div>\n\n\t\t\n<style>\n#section_2111736067 {\n  padding-top: 0px;\n  padding-bottom: 0px;\n}\n<\/style>\n\t<\/section>\n\t\n\n\t<section class=\"section\" id=\"section_205196444\">\n\t\t<div class=\"section-bg fill\" >\n\t\t\t\t\t\t\t\t\t\n\t\t\t\n\n\t\t<\/div>\n\n\t\t\n\n\t\t<div class=\"section-content relative\">\n\t\t\t\n\n<h3 id=\"h3-2\"><strong>3. Ai ph\u00f9 h\u1ee3p \u0111i\u1ec1u tr\u1ecb v\u1edbi c\u00f4ng ngh\u1ec7 \u0111i\u1ec1u tr\u1ecb ND-YAG Laser<\/strong><\/h3>\n<ul>\n<li aria-level=\"1\">N\u00e1m da sau thai k\u1ef3 do nh\u1eefng thay \u0111\u1ed5i n\u1ed9i ti\u1ebft t\u1ed1.<\/li>\n<li aria-level=\"1\">Ng\u01b0\u1eddi b\u1ecb n\u00e1m do th\u01b0\u1eddng xuy\u00ean s\u1eed d\u1ee5ng m\u1ef9 ph\u1ea9m \u0111\u1ed9c h\u1ea1i.<\/li>\n<li aria-level=\"1\">Ng\u01b0\u1eddi b\u1ecb n\u00e1m m\u1ea3ng, n\u00e1m h\u1ed7n h\u1ee3p v\u00e0 t\u1ea5t c\u1ea3 nh\u1eefng d\u1ea1ng n\u00e1m kh\u00e1c.<\/li>\n<li aria-level=\"1\">Ng\u01b0\u1eddi b\u1ecb \u0111\u1ed1m n\u00e2u, t\u00e0n nhang v\u00e0 \u0111\u1ed3i m\u1ed3i.<\/li>\n<li aria-level=\"1\">Ng\u01b0\u1eddi b\u1ecb b\u1edbt c\u00e1c s\u1eafc t\u1ed1 nh\u01b0 b\u1edbt nevus, b\u1edbt hori\u2026<\/li>\n<\/ul>\n<p>C\u00f4ng ngh\u1ec7 \u0111i\u1ec1u tr\u1ecb n\u00e1m Laser YAG \u0111\u00e3 kh\u1eafc ph\u1ee5c \u0111\u01b0\u1ee3c ho\u00e0n to\u00e0n nh\u01b0\u1ee3c \u0111i\u1ec3m c\u1ee7a nh\u1eefng ph\u01b0\u01a1ng ph\u00e1p \u0111i\u1ec1u tr\u1ecb n\u00e1m da th\u00f4ng th\u01b0\u1eddng, gi\u00fap kh\u00e1ch h\u00e0ng ti\u1ebft ki\u1ec7m t\u1ed1i \u0111a v\u1ec1 th\u1eddi gian v\u00e0 c\u00e1c chi ph\u00ed \u0111i\u1ec1u tr\u1ecb. K\u1ebft th\u00fac qu\u00e1 tr\u00ecnh \u0111i\u1ec1u tr\u1ecb n\u00e1m v\u00e0 t\u00e0n nhang, kh\u00e1ch h\u00e0ng s\u1ebd \u0111\u01b0\u1ee3c thoa l\u00ean m\u1ed9t l\u1edbp kem gi\u00fap t\u0103ng kh\u1ea3 n\u0103ng t\u00e1i t\u1ea1o l\u00e0n da, k\u00edch th\u00edch da s\u1ea3n sinh ra c\u00e1c t\u1ebf b\u00e0o da m\u1edbi kh\u1ecfe m\u1ea1nh h\u01a1n, nhanh ch\u00f3ng ph\u1ee5c h\u1ed3i \u0111\u1ec3 da tr\u1edf n\u00ean m\u1ecbn m\u00e0ng, s\u0103n ch\u1eafc h\u01a1n.<\/p>\n<div class=\"row\"  id=\"row-98326302\">\n\n\n\t<div id=\"col-1366883868\" class=\"col small-12 large-12\"  >\n\t\t\t\t<div class=\"col-inner text-center\"  >\n\t\t\t\n\t\t\t\n\n<\/p><p><i>\u00a0Contact the Hotline at 0901 779 927 for further information on internal weight loss methods.<\/i><\/p><p>\n<a data-animate=\"fadeInLeft\" class=\"button primary\"  style=\"border-radius:99px;\">\n\t<i class=\"icon-phone\" aria-hidden=\"true\" ><\/i>\t<span>0901 779 927<\/span>\n\t<\/a>\n\n\n\n\t\t<\/div>\n\t\t\t\t\t<\/div>\n\n\t\n\n<\/div>\n\n\t\t<\/div>\n\n\t\t\n<style>\n#section_205196444 {\n  padding-top: 0px;\n  padding-bottom: 0px;\n}\n<\/style>\n\t<\/section>\n\t\n\n\t<section class=\"section\" id=\"section_1801555017\">\n\t\t<div class=\"section-bg fill\" >\n\t\t\t\t\t\t\t\t\t\n\t\t\t\n\n\t\t<\/div>\n\n\t\t\n\n\t\t<div class=\"section-content relative\">\n\t\t\t\n\n<h3 id=\"h3-3\"><strong>4. Quy tr\u00ecnh \u0111i\u1ec1u tr\u1ecb n\u00e1m da, t\u0103ng s\u1eafc t\u1ed1 da b\u1eb1ng Laser Nd Yag t\u1ea1i Vanity<\/strong><\/h3>\n<p>B\u01b0\u1edbc 1: T\u1ea9y trang v\u00e0 r\u1eeda m\u1eb7t b\u1eb1ng lo\u1ea1i s\u1eefa r\u1eeda m\u1eb7t d\u1ecbu nh\u1eb9. Sau \u0111\u00f3 ti\u1ebfn h\u00e0nh t\u1ea9y t\u1ebf b\u00e0o ch\u1ebft \u1edf tr\u00ean da.<\/p>\n<p>B\u01b0\u1edbc 2: Thoa kem \u1ee7 t\u00ea v\u00e0 massage da m\u1eb7t \u0111\u1ec3 kem \u1ee7 t\u00ea c\u00f3 th\u1ec3 ph\u00e1t huy t\u00e1c d\u1ee5ng<\/p>\n<p>B\u01b0\u1edbc 3: S\u1eed d\u1ee5ng Laser Nd Yag \u0111i\u1ec1u tr\u1ecb v\u1edbi th\u00f4ng s\u1ed1 ph\u00f9 h\u1ee3p nh\u1ea5t theo t\u00ecnh tr\u1ea1ng da c\u1ee7a kh\u00e1ch h\u00e0ng.<\/p>\n<p>B\u01b0\u1edbc 4: \u0110\u1eafp m\u1eb7t n\u1ea1 sau khi tr\u1ecb li\u1ec7u b\u1eb1ng laser<\/p>\n<div class=\"row\"  id=\"row-1096260056\">\n\n\n\t<div id=\"col-279408463\" class=\"col small-12 large-12\"  >\n\t\t\t\t<div class=\"col-inner text-center\"  >\n\t\t\t\n\t\t\t\n\n<\/p><p><i>\u00a0Contact the Hotline at 0901 779 927 for further information on internal weight loss methods.<\/i><\/p><p>\n<a data-animate=\"fadeInLeft\" class=\"button primary\"  style=\"border-radius:99px;\">\n\t<i class=\"icon-phone\" aria-hidden=\"true\" ><\/i>\t<span>0901 779 927<\/span>\n\t<\/a>\n\n\n\n\t\t<\/div>\n\t\t\t\t\t<\/div>\n\n\t\n\n<\/div>\n\n\t\t<\/div>\n\n\t\t\n<style>\n#section_1801555017 {\n  padding-top: 0px;\n  padding-bottom: 0px;\n}\n<\/style>\n\t<\/section>","protected":false},"excerpt":{"rendered":"","protected":false},"author":2,"featured_media":0,"parent":0,"menu_order":0,"comment_status":"closed","ping_status":"closed","template":"","meta":{"footnotes":""},"class_list":["post-1475","page","type-page","status-publish","hentry"],"yoast_head":"<!-- This site is optimized with the Yoast SEO Premium plugin v23.2 (Yoast SEO v24.0) - https:\/\/yoast.com\/wordpress\/plugins\/seo\/ -->\n<title>\u0110i\u1ec1u tr\u1ecb n\u00e1m - Th\u1ea9m m\u1ef9 Vanity<\/title>\n<meta name=\"robots\" content=\"index, follow, max-snippet:-1, max-image-preview:large, max-video-preview:-1\" \/>\n<link rel=\"canonical\" href=\"https:\/\/thammyvanity.vn\/en\/dieu-tri-nam\/\" \/>\n<meta property=\"og:locale\" content=\"en_US\" \/>\n<meta property=\"og:type\" content=\"article\" \/>\n<meta property=\"og:title\" content=\"\u0110i\u1ec1u tr\u1ecb n\u00e1m\" \/>\n<meta property=\"og:url\" content=\"https:\/\/thammyvanity.vn\/en\/dieu-tri-nam\/\" \/>\n<meta property=\"og:site_name\" content=\"Th\u1ea9m m\u1ef9 Vanity\" \/>\n<meta property=\"article:publisher\" content=\"https:\/\/www.facebook.com\/thammyvanity\" \/>\n<meta name=\"twitter:card\" content=\"summary_large_image\" \/>\n<meta name=\"twitter:label1\" content=\"Est. reading time\" \/>\n\t<meta name=\"twitter:data1\" content=\"8 minutes\" \/>\n<script type=\"application\/ld+json\" class=\"yoast-schema-graph\">{\"@context\":\"https:\/\/schema.org\",\"@graph\":[{\"@type\":\"WebPage\",\"@id\":\"https:\/\/thammyvanity.vn\/dieu-tri-nam\/\",\"url\":\"https:\/\/thammyvanity.vn\/dieu-tri-nam\/\",\"name\":\"\u0110i\u1ec1u tr\u1ecb n\u00e1m - Th\u1ea9m m\u1ef9 Vanity\",\"isPartOf\":{\"@id\":\"https:\/\/thammyvanity.vn\/#website\"},\"datePublished\":\"2023-05-28T08:03:37+00:00\",\"dateModified\":\"2023-05-28T08:03:37+00:00\",\"breadcrumb\":{\"@id\":\"https:\/\/thammyvanity.vn\/dieu-tri-nam\/#breadcrumb\"},\"inLanguage\":\"en-US\",\"potentialAction\":[{\"@type\":\"ReadAction\",\"target\":[\"https:\/\/thammyvanity.vn\/dieu-tri-nam\/\"]}]},{\"@type\":\"BreadcrumbList\",\"@id\":\"https:\/\/thammyvanity.vn\/dieu-tri-nam\/#breadcrumb\",\"itemListElement\":[{\"@type\":\"ListItem\",\"position\":1,\"name\":\"Home\",\"item\":\"https:\/\/thammyvanity.vn\/\"},{\"@type\":\"ListItem\",\"position\":2,\"name\":\"\u0110i\u1ec1u tr\u1ecb n\u00e1m\"}]},{\"@type\":\"WebSite\",\"@id\":\"https:\/\/thammyvanity.vn\/#website\",\"url\":\"https:\/\/thammyvanity.vn\/\",\"name\":\"Th\u1ea9m m\u1ef9 Vanity\",\"description\":\"\",\"publisher\":{\"@id\":\"https:\/\/thammyvanity.vn\/#organization\"},\"potentialAction\":[{\"@type\":\"SearchAction\",\"target\":{\"@type\":\"EntryPoint\",\"urlTemplate\":\"https:\/\/thammyvanity.vn\/?s={search_term_string}\"},\"query-input\":{\"@type\":\"PropertyValueSpecification\",\"valueRequired\":true,\"valueName\":\"search_term_string\"}}],\"inLanguage\":\"en-US\"},{\"@type\":\"Organization\",\"@id\":\"https:\/\/thammyvanity.vn\/#organization\",\"name\":\"Th\u1ea9m m\u1ef9 Vanity\",\"url\":\"https:\/\/thammyvanity.vn\/\",\"logo\":{\"@type\":\"ImageObject\",\"inLanguage\":\"en-US\",\"@id\":\"https:\/\/thammyvanity.vn\/#\/schema\/logo\/image\/\",\"url\":\"https:\/\/thammyvanity.vn\/wp-content\/uploads\/2023\/05\/logo-width.png\",\"contentUrl\":\"https:\/\/thammyvanity.vn\/wp-content\/uploads\/2023\/05\/logo-width.png\",\"width\":279,\"height\":106,\"caption\":\"Th\u1ea9m m\u1ef9 Vanity\"},\"image\":{\"@id\":\"https:\/\/thammyvanity.vn\/#\/schema\/logo\/image\/\"},\"sameAs\":[\"https:\/\/www.facebook.com\/thammyvanity\"]}]}<\/script>\n<!-- \/ Yoast SEO Premium plugin. -->","yoast_head_json":{"title":"\u0110i\u1ec1u tr\u1ecb n\u00e1m - Th\u1ea9m m\u1ef9 Vanity","robots":{"index":"index","follow":"follow","max-snippet":"max-snippet:-1","max-image-preview":"max-image-preview:large","max-video-preview":"max-video-preview:-1"},"canonical":"https:\/\/thammyvanity.vn\/en\/dieu-tri-nam\/","og_locale":"en_US","og_type":"article","og_title":"\u0110i\u1ec1u tr\u1ecb n\u00e1m","og_url":"https:\/\/thammyvanity.vn\/en\/dieu-tri-nam\/","og_site_name":"Th\u1ea9m m\u1ef9 Vanity","article_publisher":"https:\/\/www.facebook.com\/thammyvanity","twitter_card":"summary_large_image","twitter_misc":{"Est. reading time":"8 minutes"},"schema":{"@context":"https:\/\/schema.org","@graph":[{"@type":"WebPage","@id":"https:\/\/thammyvanity.vn\/dieu-tri-nam\/","url":"https:\/\/thammyvanity.vn\/dieu-tri-nam\/","name":"\u0110i\u1ec1u tr\u1ecb n\u00e1m - Th\u1ea9m m\u1ef9 Vanity","isPartOf":{"@id":"https:\/\/thammyvanity.vn\/#website"},"datePublished":"2023-05-28T08:03:37+00:00","dateModified":"2023-05-28T08:03:37+00:00","breadcrumb":{"@id":"https:\/\/thammyvanity.vn\/dieu-tri-nam\/#breadcrumb"},"inLanguage":"en-US","potentialAction":[{"@type":"ReadAction","target":["https:\/\/thammyvanity.vn\/dieu-tri-nam\/"]}]},{"@type":"BreadcrumbList","@id":"https:\/\/thammyvanity.vn\/dieu-tri-nam\/#breadcrumb","itemListElement":[{"@type":"ListItem","position":1,"name":"Home","item":"https:\/\/thammyvanity.vn\/"},{"@type":"ListItem","position":2,"name":"\u0110i\u1ec1u tr\u1ecb n\u00e1m"}]},{"@type":"WebSite","@id":"https:\/\/thammyvanity.vn\/#website","url":"https:\/\/thammyvanity.vn\/","name":"Th\u1ea9m m\u1ef9 Vanity","description":"","publisher":{"@id":"https:\/\/thammyvanity.vn\/#organization"},"potentialAction":[{"@type":"SearchAction","target":{"@type":"EntryPoint","urlTemplate":"https:\/\/thammyvanity.vn\/?s={search_term_string}"},"query-input":{"@type":"PropertyValueSpecification","valueRequired":true,"valueName":"search_term_string"}}],"inLanguage":"en-US"},{"@type":"Organization","@id":"https:\/\/thammyvanity.vn\/#organization","name":"Th\u1ea9m m\u1ef9 Vanity","url":"https:\/\/thammyvanity.vn\/","logo":{"@type":"ImageObject","inLanguage":"en-US","@id":"https:\/\/thammyvanity.vn\/#\/schema\/logo\/image\/","url":"https:\/\/thammyvanity.vn\/wp-content\/uploads\/2023\/05\/logo-width.png","contentUrl":"https:\/\/thammyvanity.vn\/wp-content\/uploads\/2023\/05\/logo-width.png","width":279,"height":106,"caption":"Th\u1ea9m m\u1ef9 Vanity"},"image":{"@id":"https:\/\/thammyvanity.vn\/#\/schema\/logo\/image\/"},"sameAs":["https:\/\/www.facebook.com\/thammyvanity"]}]}},"_links":{"self":[{"href":"https:\/\/thammyvanity.vn\/en\/wp-json\/wp\/v2\/pages\/1475","targetHints":{"allow":["GET"]}}],"collection":[{"href":"https:\/\/thammyvanity.vn\/en\/wp-json\/wp\/v2\/pages"}],"about":[{"href":"https:\/\/thammyvanity.vn\/en\/wp-json\/wp\/v2\/types\/page"}],"author":[{"embeddable":true,"href":"https:\/\/thammyvanity.vn\/en\/wp-json\/wp\/v2\/users\/2"}],"replies":[{"embeddable":true,"href":"https:\/\/thammyvanity.vn\/en\/wp-json\/wp\/v2\/comments?post=1475"}],"version-history":[{"count":1,"href":"https:\/\/thammyvanity.vn\/en\/wp-json\/wp\/v2\/pages\/1475\/revisions"}],"predecessor-version":[{"id":1478,"href":"https:\/\/thammyvanity.vn\/en\/wp-json\/wp\/v2\/pages\/1475\/revisions\/1478"}],"wp:attachment":[{"href":"https:\/\/thammyvanity.vn\/en\/wp-json\/wp\/v2\/media?parent=1475"}],"curies":[{"name":"wp","href":"https:\/\/api.w.org\/{rel}","templated":true}]}}