{"id":1464,"date":"2023-05-28T07:47:26","date_gmt":"2023-05-28T07:47:26","guid":{"rendered":"https:\/\/vanity.lamvinhnguyen.com\/?page_id=1464"},"modified":"2026-02-06T11:13:26","modified_gmt":"2026-02-06T04:13:26","slug":"tri-seo-loi","status":"publish","type":"page","link":"https:\/\/thammyvanity.vn\/en\/tri-seo-loi\/","title":{"rendered":"Tr\u1ecb s\u1eb9o l\u1ed3i"},"content":{"rendered":"<p>\n<div class=\"container section-title-container\" ><h2 class=\"section-title section-title-center\"><b><\/b><span class=\"section-title-main\" style=\"color:rgb(64, 0, 124);\">Tr\u1ecb s\u1eb9o l\u1ed3i<\/span><b><\/b><\/h2><\/div>\n\n<div class=\"message-box relative dark\" style=\"padding-top:15px;padding-bottom:15px;\"><div class=\"message-box-bg-image bg-fill fill\" ><\/div><div class=\"message-box-bg-overlay bg-fill fill\" style=\"background-color:rgb(110, 22, 157);\"><\/div><div class=\"container relative\"><div class=\"inner last-reset\">\n\n<div class=\"row align-middle align-center\"  id=\"row-2120391298\">\n\n\n\t<div id=\"col-766603467\" class=\"col medium-11 small-12 large-11\"  >\n\t\t\t\t<div class=\"col-inner\"  >\n\t\t\t\n\t\t\t\n\n\t<div id=\"text-3233107882\" class=\"text\">\n\t\t\n\n<p style=\"text-align: justify;\">\u0110i\u1ec1u tr\u1ecb s\u1eb9o l\u1ed3i b\u1eb1ng ti\u00eam thu\u1ed1c gi\u1ea3m qu\u00e1 tr\u00ecnh t\u0103ng sinh collagen v\u00e0 gi\u00fap s\u1eb9o x\u1eb9p xu\u1ed1ng nhanh ch\u00f3ng, kh\u1ea3 n\u0103ng t\u00e1i ph\u00e1t th\u1ea5p.<\/p>\n<p>\u00a0<\/p>\n\t\t\n<style>\n#text-3233107882 {\n  font-size: 1.25rem;\n}\n<\/style>\n\t<\/div>\n\t\n\n\t\t<\/div>\n\t\t\t\t\t<\/div>\n\n\t\n\n<\/div>\n\n<\/div><\/div><\/div>\n<h3>\u00a0<\/h3>\n<h3 id=\"h3-1\"><strong>1. S\u1eb9o l\u1ed3i l\u00e0 g\u00ec?<\/strong><\/h3>\n<p>\u2013\u00a0<em><strong>S\u1eb9o l\u1ed3i v\u00e0 s\u1eb9o ph\u00ec \u0111\u1ea1i<\/strong><\/em>\u00a0\u0111\u01b0\u1ee3c \u0111\u1eb7c tr\u01b0ng b\u1edfi s\u1ef1 t\u0103ng sinh t\u1ea1i ch\u1ed7 nguy\u00ean b\u00e0o s\u1ee3i v\u00e0 s\u1ea3n xu\u1ea5t collagen qu\u00e1 m\u1ee9c trong qu\u00e1 tr\u00ecnh l\u00e0nh v\u1ebft th\u01b0\u01a1ng.<br \/>\u2013 Th\u01b0\u1eddng x\u1ea3y ra sau t\u1ed5n th\u01b0\u01a1ng da nh\u01b0: v\u1ebft r\u00e1ch da, x\u0103m, b\u1ecfng, ch\u00edch ng\u1eeba, sau ph\u1eabu thu\u1eadt\u2026 hay do nh\u1eefng b\u1ea5t th\u01b0\u1eddng c\u1ee7a da do qu\u00e1 tr\u00ecnh vi\u00eam nh\u01b0 m\u1ee5n tr\u1ee9ng c\u00e1, nhi\u1ec5m tr\u00f9ng da, c\u00f4n tr\u00f9ng c\u1eafn.<br \/>\u2013\u00a0<strong>S\u1eb9o ph\u00ec \u0111\u1ea1i:<\/strong>\u00a0th\u01b0\u1eddng xu\u1ea5t hi\u1ec7n trong v\u00f2ng 6 th\u00e1ng sau khi b\u1ecb th\u01b0\u01a1ng, c\u00f3 gi\u1edbi h\u1ea1n trong v\u1ebft th\u01b0\u01a1ng ban \u0111\u1ea7u v\u00e0 c\u00f3 th\u1ec3 t\u1ef1 tho\u00e1i tri\u1ec3n sau 12 \u2013 24 th\u00e1ng.<br \/>\u2013\u00a0<strong>S\u1eb9o l\u1ed3i:<\/strong>\u00a0th\u01b0\u1eddng xu\u1ea5t hi\u1ec7n sau 6 th\u00e1ng k\u1ec3 t\u1eeb khi b\u1ecb th\u01b0\u01a1ng, v\u01b0\u1ee3t ra ngo\u00e0i ranh gi\u1edbi v\u1ebft th\u01b0\u01a1ng ban \u0111\u1ea7u v\u00e0 kh\u00f4ng bao gi\u1edd t\u1ef1 tho\u00e1i tri\u1ec3n. Xu h\u01b0\u1edbng t\u00e1i ph\u00e1t sau ph\u1eabu thu\u1eadt c\u1eaft b\u1ecf.<\/p>\n<p>\u00a0<\/p>\n<h3 id=\"h3-3\"><strong>2. Nguy\u00ean nh\u00e2n n\u00e0o g\u00e2y ra s\u1eb9o l\u1ed3i?<\/strong><\/h3>\n<p>Nguy\u00ean nh\u00e2n ch\u01b0a r\u00f5, c\u00f3 th\u1ec3 li\u00ean quan \u0111\u1ebfn c\u00e1c y\u1ebfu t\u1ed1 sau:<br \/>\u2013 Y\u1ebfu t\u1ed1 di truy\u1ec1n.<br \/>\u2013 Y\u1ebfu t\u1ed1 h\u1ec7 th\u1ed1ng: Tu\u1ed5i tr\u01b0\u1edfng th\u00e0nh, t\u0103ng huy\u1ebft \u00e1p, mang thai, hormone, cytokines, nh\u00f3m m\u00e1u A, h\u1ed9i ch\u1ee9ng t\u0103ng IgE.<br \/>\u2013 Y\u1ebfu t\u1ed1 t\u1ea1i ch\u1ed7:<br \/>+ Vi\u00eam nhi\u1ec5m k\u00e9o d\u00e0i. V\u1ebft th\u01b0\u01a1ng ch\u1eadm l\u00e0nh.<br \/>+ T\u00e1c \u0111\u1ed9ng c\u01a1 h\u1ecdc: S\u1eb9o l\u1ed3i th\u01b0\u1eddng xu\u1ea5t hi\u1ec7n \u1edf nh\u1eefng v\u1ecb tr\u00ed c\u00f3 s\u1ee9c c\u0103ng da cao, v\u00f9ng da di \u0111\u1ed9ng, s\u1ef1 c\u1ecd s\u00e1t th\u01b0\u1eddng xuy\u00ean.<\/p>\n<h3 id=\"h3-4\"><strong>3. C\u00e1c ph\u01b0\u01a1ng ph\u00e1p \u0111i\u1ec1u tr\u1ecb s\u1eb9o l\u00e0 g\u00ec?<\/strong><\/h3>\n<p>\u2013<strong>\u00a0Li\u1ec7u ph\u00e1p Laser CO2<\/strong>: l\u00e0 ph\u01b0\u01a1ng \u00e1n l\u1ef1a ch\u1ecdn t\u1ed1t d\u00e0nh cho nh\u1eefng tr\u01b0\u1eddng h\u1ee3p s\u1eb9o m\u1edbi h\u00ecnh th\u00e0nh tuy nhi\u00ean k\u00e9m \u0111\u00e1p \u1ee9ng h\u01a1n v\u1edbi nh\u1eefng s\u1eb9o c\u0169, x\u01a1 h\u00f3a nhi\u1ec1u.<br \/><strong>\u2013 Laser m\u1ea1ch m\u00e1u<\/strong>\u00a0(PDL, Nd:YAG xung d\u00e0i) ho\u1eb7c IPL: h\u1ed7 tr\u1ee3 \u0111i\u1ec1u tr\u1ecb l\u00e0m gi\u1ea3m t\u1ed1i \u0111a s\u1ed1 l\u01b0\u1ee3ng c\u00e1c t\u1ed5n th\u01b0\u01a1ng m\u1ea1ch m\u00e1u t\u00e2n sinh, m\u1ea1ch m\u00e1u gi\u00e3n trong m\u00f4 s\u1eb9o l\u1ed3i.<br \/><strong>\u2013 Laser x\u00e2m l\u1ea5n t\u1ed1i thi\u1ec3u (laser fractinal CO2):<\/strong>\u00a0l\u00e0 ph\u01b0\u01a1ng ph\u00e1p c\u00f3 th\u1ec3 ch\u00f3 th\u1ea5y hi\u1ec7u qu\u1ea3 trong vi\u1ec7c \u0111\u01b0a thu\u1ed1c qua m\u00f4 s\u1eb9o, t\u1ea1i t\u1ea1o b\u1ec1 m\u1eb7t s\u1eb9o, ph\u1ee5c h\u1ed3i c\u00e1c v\u1ea5n \u0111\u1ec1 xu\u1ea5t hi\u1ec7n sau \u0111i\u1ec1u tr\u1ecb s\u1eb9o l\u1ed3i.<br \/><strong>\u2013 Ph\u1eabu thu\u1eadt ch\u1ec9nh s\u1eb9o:\u00a0<\/strong>v\u1edbi nh\u1eefng s\u1eb9o ph\u00ec \u0111\u1ea1i g\u00e2y co k\u00e9o \u1ea3nh h\u01b0\u1edfng ch\u1ee9c n\u0103ng \u0111\u00e3 qua h\u01a1n 1 n\u0103m v\u00e0 b\u01b0\u1edbc sang giai \u0111o\u1ea1n \u1ed5n \u0111\u1ecbnh th\u00ec c\u00f3 th\u1ec3 c\u00e2n nh\u1eafc \u0111\u01b0\u1ee3c c\u1eaft ch\u1ec9nh s\u1eb9o.<br \/><strong>\u2013 Ti\u00eam trong s\u1eb9o:<\/strong> C\u00f3 nhi\u1ec1u lo\u1ea1i thu\u1ed1c ti\u00eam s\u1eb9o \u0111\u00e3 \u0111\u01b0\u1ee3c s\u1eed d\u1ee5ng cho \u0111\u1ebfn nay g\u1ed3m c\u00f3 Triamcinolone, 5-FU, Bleomycine, Verapamil, Botulinum Toxin\u2026<\/p>\n<h3 id=\"h3-5\"><strong>4. Thu\u1ed1c ti\u00eam s\u1eb9o l\u1ed3i c\u00f3 t\u00e1c d\u1ee5ng nh\u01b0 th\u1ebf n\u00e0o<\/strong><\/h3>\n<p>Triamcinolone l\u00e0 m\u1ed9t corticoid t\u00e1c \u0111\u1ed9ng th\u00f4ng qua \u1ee9c ch\u1ebf c\u00e1c ch\u1ea5t trung gian c\u1ee7a qu\u00e1 tr\u00ecnh vi\u00eam v\u00e0 s\u1ef1 t\u0103ng tr\u01b0\u1edfng c\u1ee7a c\u00e1c nguy\u00ean b\u00e0o s\u1ee3i v\u00e0 c\u0169ng \u0111\u1ed3ng th\u1eddi l\u00e0m t\u0103ng tho\u00e1i bi\u1ebfn c\u00e1c collagen. Thu\u1ed1c s\u1ebd gi\u1ea3m t\u1ed5ng h\u1ee3p m\u00f4 s\u1ee3i m\u1edbi h\u1ea1n ch\u1ebf ti\u1ebfn tri\u1ec3n c\u1ee7a s\u1eb9o, l\u00e0m ph\u00e1 v\u1ee1 c\u00e1c m\u00f4 s\u01a1 s\u1eb9o, l\u00e0m ph\u1eb3ng v\u00e0 m\u1edd t\u1ed5 ch\u1ee9c s\u1eb9o.<\/p>\n<h3 id=\"h3-6\"><strong>5. Ch\u1ed1ng ch\u1ec9 \u0111\u1ecbnh ti\u00eam s\u1eb9o l\u1ed3i trong tr\u01b0\u1eddng h\u1ee3p n\u00e0o ?<\/strong><\/h3>\n<ul>\n<li>Tuy\u1ec7t \u0111\u1ed1i kh\u00f4ng s\u1eed d\u1ee5ng khi \u0111ang c\u00f3 b\u1ec7nh l\u00fd ung th\u01b0, mang thai, cho con b\u00fa.<\/li>\n<li>Kh\u00e1ch h\u00e0ng b\u1ecb r\u1ed1i lo\u1ea1n kinh nguy\u1ec7t, b\u1ecb m\u1ee5n tr\u1ee9ng c\u00e1 n\u1eb7ng.<\/li>\n<li>C\u00e2n nh\u1eafc th\u1eadn tr\u1ecdng trong nh\u1eefng b\u1ec7nh l\u00fd t\u0103ng huy\u1ebft \u00e1p, tim m\u1ea1ch, suy th\u1eadn, vi\u00eam lo\u00e9t d\u1ea1 d\u00e0y t\u00e1 tr\u00e0ng.<\/li>\n<li>Th\u1eadn tr\u1ecdng khi ti\u00eam s\u1eb9o v\u00f9ng quanh m\u1eaft.<br \/>\n<h3 id=\"h3-7\"><strong>6. Quy tr\u00ecnh ti\u00eam s\u1eb9o l\u1ed3i ra sao ?<\/strong><\/h3>\n<p>\u2013 B\u01b0\u1edbc 1: B\u00e1c s\u1ef9 kh\u00e1m, ki\u1ec3m tra s\u1eb9o l\u1ed3i tr\u01b0\u1edbc khi \u0111i\u1ec1u tr\u1ecb.<\/p>\n<p>\u2013 B\u01b0\u1edbc 2: B\u00f4i \u1ee7 t\u00ea trong 50 \u2013 60 ph\u00fat trong tr\u01b0\u1eddng h\u1ee3p s\u1eb9p l\u1ed3i nhi\u1ec1u, di\u1ec7n r\u1ed9ng.<br \/>\u2013 B\u01b0\u1edbc 3: L\u00e0m s\u1ea1ch v\u00f9ng ti\u00eam b\u1eb1ng c\u1ed3n 70*\/ Povidine 10%.<br \/>\u2013 B\u01b0\u1edbc 4: B\u00e1c s\u1ef9 ti\u1ebfn h\u00e0nh ti\u00eam thu\u1ed1c v\u00e0o trong m\u00f4 s\u1eb9o.<br \/>\u2013 B\u01b0\u1edbc 5: Thoa kem kh\u00e1ng sinh v\u00e0o c\u00e1c v\u1ecb tr\u00ed kim ti\u00eam \u0111\u1ec3 ph\u00f2ng tr\u00e1nh nhi\u1ec5m tr\u00f9ng.<br \/>\u2013 B\u01b0\u1edbc 6: D\u1eb7n d\u00f2 kh\u00e1ch h\u00e0ng ch\u0103m s\u00f3c t\u1ea1i nh\u00e0 tr\u01b0\u1edbc khi ra v\u1ec1.<\/p>\n<\/li>\n<\/ul>\n<h3 id=\"h3-8\"><strong>7. Li\u1ec7u tr\u00ecnh ti\u00eam s\u1eb9o l\u1ed3i nh\u01b0 th\u1ebf n\u00e0o ?<\/strong><\/h3>\n<p><strong><em>T\u00f9y theo t\u00ecnh tr\u1ea1ng s\u1eb9o l\u1ed3i B\u00e1c s\u0129 s\u1ebd ch\u1ea9n \u0111o\u00e1n v\u00e0 \u0111\u01b0a ra ph\u00e1c \u0111\u1ed3 \u0111i\u1ec1u tr\u1ecb<\/em><\/strong><strong>\u00a0<em>ph\u00f9 h\u1ee3p v\u00e0 khoa h\u1ecdc nh\u1ea5t:<\/em><\/strong><em><br \/><\/em>\u2013 Li\u1ec7u tr\u00ecnh th\u1ef1c hi\u1ec7n nhi\u1ec1u l\u1ea7n m\u1ed7i 4-6 tu\u1ea7n cho \u0111\u1ebfn khi s\u1eb9o c\u1ea3i thi\u1ec7n.<br \/>\u2013 Th\u00f4ng th\u01b0\u1eddng c\u00f3 th\u1ec3 th\u1ef1c hi\u1ec7n kho\u1ea3ng 4-9 l\u1ea7n ti\u00eam. N\u1ebfu sau 4 l\u1ea7n ti\u00eam m\u00e0 kh\u00f4ng th\u1ea5y s\u1eb9o c\u1ea3i thi\u1ec7n th\u00ec n\u00ean ng\u01b0ng ti\u00eam.<\/p>\n<h3 id=\"h3-9\"><strong>8. Ch\u0103m s\u00f3c sau \u0111i\u1ec1u tr\u1ecb v\u1edbi triamcinolon th\u1ebf n\u00e0o ?<\/strong><\/h3>\n<p>\u2013 Sau ti\u00eam s\u1eb9o l\u1ed3i c\u00f3 th\u1ec3 s\u01b0ng n\u1ec1 nh\u1eb9, xu\u1ea5t hi\u1ec7n b\u1ea7m m\u00e1u trong v\u00e0i ng\u00e0y. C\u00f3 th\u1ec3 s\u1eed d\u1ee5ng t\u00fai l\u1ea1nh ch\u01b0\u1eddm t\u00edch c\u1ef1c trong ng\u00e0y \u0111\u1ea7u sau ti\u00eam.<\/p>\n<p>_ H\u1ea1n ch\u1ebf s\u1edd, n\u1eb7n, c\u00e0o g\u00e3i ho\u1eb7c t\u00e1c \u0111\u1ed9ng m\u1ea1nh v\u00e0o v\u00f9ng \u0111i\u1ec1u tr\u1ecb.<br \/>\u2013 Tr\u00e1nh mang c\u00e1c v\u1eadt d\u1ee5ng t\u00e1c \u0111\u1ed9ng l\u00ean v\u00f9ng s\u1eb9o nh\u01b0 v\u00f2ng c\u1ed5 (\u0111\u1ed1i v\u1edbi s\u1eb9o \u1edf ng\u1ef1c), v\u00f2ng tay (\u0111\u1ed1i v\u1edbi s\u1eb9o \u1edf c\u1ed5 tay)\u2026<br \/>\u2013 H\u1ea1n ch\u1ebf ti\u1ebfp x\u00fac \u00e1nh m\u1eb7t tr\u1eddi, m\u1eb7c \u00e1o qu\u1ea7n g\u0103ng tay kh\u1ea9u trang che ch\u1eafn v\u00f9ng s\u1eb9o.<br \/>\u2013 S\u1eed d\u1ee5ng kem ch\u1ed1ng n\u1eafng ph\u1ed5 r\u1ed9ng cho c\u1ea3 v\u00f9ng \u0111i\u1ec1u tr\u1ecb.<br \/>\u2013 K\u1ebft h\u1ee3p v\u1edbi thu\u1ed1c b\u00f4i s\u1eb9o ho\u1eb7c mi\u1ebfng d\u00e1n SGC \u0111\u1ec3 t\u0103ng hi\u1ec7u qu\u1ea3 \u0111i\u1ec1u tr\u1ecb.<br \/>\u2013 H\u1ea1n ch\u1ebf c\u00e1c lo\u1ea1i \u0111\u1ed3 \u0103n: n\u1ebfp, th\u1ecbt g\u00e0, rau mu\u1ed1ng, h\u1ea3i s\u1ea3n\u2026<br \/>\u2013 Gi\u1eef v\u1ec7 sinh v\u00f9ng \u0111i\u1ec1u tr\u1ecb.<br \/>\u2013 H\u1ea1n ch\u1ebf \u0111\u1ec3 d\u00ednh n\u01b0\u1edbc v\u00e0o v\u00f9ng \u0111i\u1ec1u tr\u1ecb ngay sau khi th\u1ef1c hi\u1ec7n.<br \/>\u2013 T\u00e1i kh\u00e1m v\u00e0 \u0111i\u1ec1u tr\u1ecb theo l\u1ecbch h\u1eb9n c\u1ee7a b\u00e1c s\u0129 cho \u0111\u1ebfn khi s\u1eb9o tho\u00e1i tri\u1ec3n ho\u00e0n to\u00e0n.<\/p>\n<p>\u00a0<\/p>\n<a data-animate=\"fadeInLeft\" class=\"button primary is-large lowercase\"  style=\"border-radius:10px;\">\n\t\t<span>Vanity Aesthetics &amp; Beauty Clinic utilizes 100% authentic, imported products directly from the US, specifically the FDA-certified Juv\u00e9derm filler<\/span>\n\t<i class=\"icon-angle-down\" aria-hidden=\"true\" ><\/i><\/a>\n\n\n<a data-animate=\"fadeInLeft\" class=\"button primary is-underline is-large box-shadow-1 lowercase\"  style=\"border-radius:10px;\">\n\t\t<span><\/span>\n\t<\/a>\n\n\n<\/p>","protected":false},"excerpt":{"rendered":"","protected":false},"author":1,"featured_media":0,"parent":0,"menu_order":0,"comment_status":"closed","ping_status":"closed","template":"","meta":{"footnotes":""},"class_list":["post-1464","page","type-page","status-publish","hentry"],"yoast_head":"<!-- This site is optimized with the Yoast SEO Premium plugin v23.2 (Yoast SEO v24.0) - https:\/\/yoast.com\/wordpress\/plugins\/seo\/ -->\n<title>Tr\u1ecb s\u1eb9o l\u1ed3i - Th\u1ea9m m\u1ef9 Vanity<\/title>\n<meta name=\"robots\" content=\"index, follow, max-snippet:-1, max-image-preview:large, max-video-preview:-1\" \/>\n<link rel=\"canonical\" href=\"https:\/\/thammyvanity.vn\/en\/tri-seo-loi\/\" \/>\n<meta property=\"og:locale\" content=\"en_US\" \/>\n<meta property=\"og:type\" content=\"article\" \/>\n<meta property=\"og:title\" content=\"Tr\u1ecb s\u1eb9o l\u1ed3i\" \/>\n<meta property=\"og:url\" content=\"https:\/\/thammyvanity.vn\/en\/tri-seo-loi\/\" \/>\n<meta property=\"og:site_name\" content=\"Th\u1ea9m m\u1ef9 Vanity\" \/>\n<meta property=\"article:publisher\" content=\"https:\/\/www.facebook.com\/thammyvanity\" \/>\n<meta property=\"article:modified_time\" content=\"2026-02-06T04:13:26+00:00\" \/>\n<meta name=\"twitter:card\" content=\"summary_large_image\" \/>\n<meta name=\"twitter:label1\" content=\"Est. reading time\" \/>\n\t<meta name=\"twitter:data1\" content=\"8 minutes\" \/>\n<script type=\"application\/ld+json\" class=\"yoast-schema-graph\">{\"@context\":\"https:\/\/schema.org\",\"@graph\":[{\"@type\":\"WebPage\",\"@id\":\"https:\/\/thammyvanity.vn\/tri-seo-loi\/\",\"url\":\"https:\/\/thammyvanity.vn\/tri-seo-loi\/\",\"name\":\"Tr\u1ecb s\u1eb9o l\u1ed3i - Th\u1ea9m m\u1ef9 Vanity\",\"isPartOf\":{\"@id\":\"https:\/\/thammyvanity.vn\/#website\"},\"datePublished\":\"2023-05-28T07:47:26+00:00\",\"dateModified\":\"2026-02-06T04:13:26+00:00\",\"breadcrumb\":{\"@id\":\"https:\/\/thammyvanity.vn\/tri-seo-loi\/#breadcrumb\"},\"inLanguage\":\"en-US\",\"potentialAction\":[{\"@type\":\"ReadAction\",\"target\":[\"https:\/\/thammyvanity.vn\/tri-seo-loi\/\"]}]},{\"@type\":\"BreadcrumbList\",\"@id\":\"https:\/\/thammyvanity.vn\/tri-seo-loi\/#breadcrumb\",\"itemListElement\":[{\"@type\":\"ListItem\",\"position\":1,\"name\":\"Home\",\"item\":\"https:\/\/thammyvanity.vn\/\"},{\"@type\":\"ListItem\",\"position\":2,\"name\":\"Tr\u1ecb s\u1eb9o l\u1ed3i\"}]},{\"@type\":\"WebSite\",\"@id\":\"https:\/\/thammyvanity.vn\/#website\",\"url\":\"https:\/\/thammyvanity.vn\/\",\"name\":\"Th\u1ea9m m\u1ef9 Vanity\",\"description\":\"\",\"publisher\":{\"@id\":\"https:\/\/thammyvanity.vn\/#organization\"},\"potentialAction\":[{\"@type\":\"SearchAction\",\"target\":{\"@type\":\"EntryPoint\",\"urlTemplate\":\"https:\/\/thammyvanity.vn\/?s={search_term_string}\"},\"query-input\":{\"@type\":\"PropertyValueSpecification\",\"valueRequired\":true,\"valueName\":\"search_term_string\"}}],\"inLanguage\":\"en-US\"},{\"@type\":\"Organization\",\"@id\":\"https:\/\/thammyvanity.vn\/#organization\",\"name\":\"Th\u1ea9m m\u1ef9 Vanity\",\"url\":\"https:\/\/thammyvanity.vn\/\",\"logo\":{\"@type\":\"ImageObject\",\"inLanguage\":\"en-US\",\"@id\":\"https:\/\/thammyvanity.vn\/#\/schema\/logo\/image\/\",\"url\":\"https:\/\/thammyvanity.vn\/wp-content\/uploads\/2023\/05\/logo-width.png\",\"contentUrl\":\"https:\/\/thammyvanity.vn\/wp-content\/uploads\/2023\/05\/logo-width.png\",\"width\":279,\"height\":106,\"caption\":\"Th\u1ea9m m\u1ef9 Vanity\"},\"image\":{\"@id\":\"https:\/\/thammyvanity.vn\/#\/schema\/logo\/image\/\"},\"sameAs\":[\"https:\/\/www.facebook.com\/thammyvanity\"]}]}<\/script>\n<!-- \/ Yoast SEO Premium plugin. -->","yoast_head_json":{"title":"Tr\u1ecb s\u1eb9o l\u1ed3i - Th\u1ea9m m\u1ef9 Vanity","robots":{"index":"index","follow":"follow","max-snippet":"max-snippet:-1","max-image-preview":"max-image-preview:large","max-video-preview":"max-video-preview:-1"},"canonical":"https:\/\/thammyvanity.vn\/en\/tri-seo-loi\/","og_locale":"en_US","og_type":"article","og_title":"Tr\u1ecb s\u1eb9o l\u1ed3i","og_url":"https:\/\/thammyvanity.vn\/en\/tri-seo-loi\/","og_site_name":"Th\u1ea9m m\u1ef9 Vanity","article_publisher":"https:\/\/www.facebook.com\/thammyvanity","article_modified_time":"2026-02-06T04:13:26+00:00","twitter_card":"summary_large_image","twitter_misc":{"Est. reading time":"8 minutes"},"schema":{"@context":"https:\/\/schema.org","@graph":[{"@type":"WebPage","@id":"https:\/\/thammyvanity.vn\/tri-seo-loi\/","url":"https:\/\/thammyvanity.vn\/tri-seo-loi\/","name":"Tr\u1ecb s\u1eb9o l\u1ed3i - Th\u1ea9m m\u1ef9 Vanity","isPartOf":{"@id":"https:\/\/thammyvanity.vn\/#website"},"datePublished":"2023-05-28T07:47:26+00:00","dateModified":"2026-02-06T04:13:26+00:00","breadcrumb":{"@id":"https:\/\/thammyvanity.vn\/tri-seo-loi\/#breadcrumb"},"inLanguage":"en-US","potentialAction":[{"@type":"ReadAction","target":["https:\/\/thammyvanity.vn\/tri-seo-loi\/"]}]},{"@type":"BreadcrumbList","@id":"https:\/\/thammyvanity.vn\/tri-seo-loi\/#breadcrumb","itemListElement":[{"@type":"ListItem","position":1,"name":"Home","item":"https:\/\/thammyvanity.vn\/"},{"@type":"ListItem","position":2,"name":"Tr\u1ecb s\u1eb9o l\u1ed3i"}]},{"@type":"WebSite","@id":"https:\/\/thammyvanity.vn\/#website","url":"https:\/\/thammyvanity.vn\/","name":"Th\u1ea9m m\u1ef9 Vanity","description":"","publisher":{"@id":"https:\/\/thammyvanity.vn\/#organization"},"potentialAction":[{"@type":"SearchAction","target":{"@type":"EntryPoint","urlTemplate":"https:\/\/thammyvanity.vn\/?s={search_term_string}"},"query-input":{"@type":"PropertyValueSpecification","valueRequired":true,"valueName":"search_term_string"}}],"inLanguage":"en-US"},{"@type":"Organization","@id":"https:\/\/thammyvanity.vn\/#organization","name":"Th\u1ea9m m\u1ef9 Vanity","url":"https:\/\/thammyvanity.vn\/","logo":{"@type":"ImageObject","inLanguage":"en-US","@id":"https:\/\/thammyvanity.vn\/#\/schema\/logo\/image\/","url":"https:\/\/thammyvanity.vn\/wp-content\/uploads\/2023\/05\/logo-width.png","contentUrl":"https:\/\/thammyvanity.vn\/wp-content\/uploads\/2023\/05\/logo-width.png","width":279,"height":106,"caption":"Th\u1ea9m m\u1ef9 Vanity"},"image":{"@id":"https:\/\/thammyvanity.vn\/#\/schema\/logo\/image\/"},"sameAs":["https:\/\/www.facebook.com\/thammyvanity"]}]}},"_links":{"self":[{"href":"https:\/\/thammyvanity.vn\/en\/wp-json\/wp\/v2\/pages\/1464","targetHints":{"allow":["GET"]}}],"collection":[{"href":"https:\/\/thammyvanity.vn\/en\/wp-json\/wp\/v2\/pages"}],"about":[{"href":"https:\/\/thammyvanity.vn\/en\/wp-json\/wp\/v2\/types\/page"}],"author":[{"embeddable":true,"href":"https:\/\/thammyvanity.vn\/en\/wp-json\/wp\/v2\/users\/1"}],"replies":[{"embeddable":true,"href":"https:\/\/thammyvanity.vn\/en\/wp-json\/wp\/v2\/comments?post=1464"}],"version-history":[{"count":3,"href":"https:\/\/thammyvanity.vn\/en\/wp-json\/wp\/v2\/pages\/1464\/revisions"}],"predecessor-version":[{"id":3315,"href":"https:\/\/thammyvanity.vn\/en\/wp-json\/wp\/v2\/pages\/1464\/revisions\/3315"}],"wp:attachment":[{"href":"https:\/\/thammyvanity.vn\/en\/wp-json\/wp\/v2\/media?parent=1464"}],"curies":[{"name":"wp","href":"https:\/\/api.w.org\/{rel}","templated":true}]}}