{"id":1398,"date":"2023-05-28T06:31:18","date_gmt":"2023-05-28T06:31:18","guid":{"rendered":"https:\/\/vanity.lamvinhnguyen.com\/?page_id=1398"},"modified":"2023-07-25T11:29:54","modified_gmt":"2023-07-25T04:29:54","slug":"cong-nghe-plasma-va-nhung-ung-dung-dac-biet-tai-vanity","status":"publish","type":"page","link":"https:\/\/thammyvanity.vn\/en\/cong-nghe-plasma-va-nhung-ung-dung-dac-biet-tai-vanity\/","title":{"rendered":"PLASMA TECHNOLOGY AND ITS SPECIAL APPLICATIONS AT VANITY"},"content":{"rendered":"<p>\n<div class=\"container section-title-container\" ><h2 class=\"section-title section-title-center\"><b><\/b><span class=\"section-title-main\" style=\"color:rgb(64, 0, 124);\">PLASMA TECHNOLOGY AND ITS SPECIAL APPLICATIONS AT VANITY<\/span><b><\/b><\/h2><\/div>\n\n<div class=\"message-box relative dark\" style=\"padding-top:15px;padding-bottom:15px;\"><div class=\"message-box-bg-image bg-fill fill\" ><\/div><div class=\"message-box-bg-overlay bg-fill fill\" style=\"background-color:rgb(110, 22, 157);\"><\/div><div class=\"container relative\"><div class=\"inner last-reset\">\n\n<div class=\"row align-middle align-center\"  id=\"row-143503023\">\n\n\n\t<div id=\"col-1499440685\" class=\"col medium-11 small-12 large-11\"  >\n\t\t\t\t<div class=\"col-inner\"  >\n\t\t\t\n\t\t\t\n\n\t<div id=\"text-3471139164\" class=\"text\">\n\t\t\n\n<\/p>\r\n<p style=\"text-align: justify;\" class=\" translation-block\">When signs of aging emerge, the skin around the eyes gradually becomes saggy, accompanied by an increase in wrinkles. Drooping eyelids and prominent eye bags contribute to the loss of youthful charm. Erasing wrinkles and rejuvenating the eye area becomes a crucial concern for restoring the eyes' beauty. Vanity's Plasma technology emerges as a cosmetic method that comprehensively addresses these issues.<\/p>\r\n<p>\n\t\t\n<style>\n#text-3471139164 {\n  font-size: 1.25rem;\n}\n<\/style>\n\t<\/div>\n\t\n\n\t\t<\/div>\n\t\t\t\t\t<\/div>\n\n\t\n\n<\/div>\n\n<\/div><\/div><\/div>\n\t<div id=\"gap-1823633643\" class=\"gap-element clearfix\" style=\"display:block; height:auto;\">\n\t\t\n<style>\n#gap-1823633643 {\n  padding-top: 30px;\n}\n<\/style>\n\t<\/div>\n\t\n\n<div class=\"row\"  id=\"row-2065070066\">\n\n\n\t<div id=\"col-340702407\" class=\"col small-12 large-12\"  >\n\t\t\t\t<div class=\"col-inner\"  >\n\t\t\t\n\t\t\t\n\n<\/p>\n<h2>1. Overview of Plasma Technology<\/h2>\n<p>The wrinkle-erasing and eye-rejuvenating method utilize Plasma energy in a heated state. When applied to the targeted skin area, solid and liquid crystals become ionized and vaporize into the air. Wrinkles, eye bags, or excess skin are eliminated without the need for surgical procedures.<\/p>\n<p>Plasma technology is a non-invasive wrinkle-erasing method, delivering high and safe results. Due to its outstanding advantages, this method has become a highly favored beauty trend.<\/p>\n<p>\n\n\t\t<\/div>\n\t\t\t\t\t<\/div>\n\n\t\n\n\t<div id=\"col-388615145\" class=\"col medium-6 small-12 large-6\"  >\n\t\t\t\t<div class=\"col-inner\"  >\n\t\t\t\n\t\t\t\n\n\t<div class=\"img has-hover x md-x lg-x y md-y lg-y\" id=\"image_1964191754\">\n\t\t\t\t\t\t\t\t<div class=\"img-inner dark\" >\n\t\t\t<img loading=\"lazy\" decoding=\"async\" width=\"1020\" height=\"765\" src=\"https:\/\/thammyvanity.vn\/wp-content\/uploads\/2023\/06\/4-2-1024x768.png\" class=\"attachment-large size-large\" alt=\"\" srcset=\"https:\/\/thammyvanity.vn\/wp-content\/uploads\/2023\/06\/4-2-1024x768.png 1024w, https:\/\/thammyvanity.vn\/wp-content\/uploads\/2023\/06\/4-2-300x225.png 300w, https:\/\/thammyvanity.vn\/wp-content\/uploads\/2023\/06\/4-2-768x576.png 768w, https:\/\/thammyvanity.vn\/wp-content\/uploads\/2023\/06\/4-2.png 1200w\" sizes=\"auto, (max-width: 1020px) 100vw, 1020px\" \/>\t\t\t\t\t\t\n\t\t\t\t\t<\/div>\n\t\t\t\t\t\t\t\t\n<style>\n#image_1964191754 {\n  width: 100%;\n}\n<\/style>\n\t<\/div>\n\t\n\n\n\t\t<\/div>\n\t\t\t\t\t<\/div>\n\n\t\n\n\t<div id=\"col-315603036\" class=\"col medium-6 small-12 large-6\"  >\n\t\t\t\t<div class=\"col-inner\"  >\n\t\t\t\n\t\t\t\n\n\t<div class=\"img has-hover x md-x lg-x y md-y lg-y\" id=\"image_1016066253\">\n\t\t\t\t\t\t\t\t<div class=\"img-inner dark\" >\n\t\t\t<img loading=\"lazy\" decoding=\"async\" width=\"1020\" height=\"765\" src=\"https:\/\/thammyvanity.vn\/wp-content\/uploads\/2023\/06\/5-2-1024x768.png\" class=\"attachment-large size-large\" alt=\"\" srcset=\"https:\/\/thammyvanity.vn\/wp-content\/uploads\/2023\/06\/5-2-1024x768.png 1024w, https:\/\/thammyvanity.vn\/wp-content\/uploads\/2023\/06\/5-2-300x225.png 300w, https:\/\/thammyvanity.vn\/wp-content\/uploads\/2023\/06\/5-2-768x576.png 768w, https:\/\/thammyvanity.vn\/wp-content\/uploads\/2023\/06\/5-2.png 1200w\" sizes=\"auto, (max-width: 1020px) 100vw, 1020px\" \/>\t\t\t\t\t\t\n\t\t\t\t\t<\/div>\n\t\t\t\t\t\t\t\t\n<style>\n#image_1016066253 {\n  width: 100%;\n}\n<\/style>\n\t<\/div>\n\t\n\n\n\t\t<\/div>\n\t\t\t\t\t<\/div>\n\n\t\n\n<\/div>\n<\/p>\n<h2>2. Advantages of Plasma Technology for Wrinkle Erasure and Eye Rejuvenation<\/h2>\n<p>Currently, Plasma technology finds extensive application in various fields, particularly in aesthetics. This technology proves beneficial in beauty procedures:<\/p>\n<ul>\n<li>Vanity's Plasma technology is painless, non-bleeding, and non-injurious to surrounding areas.<\/li>\n<li>Replaces more invasive beauty methods involving surgical intervention.<\/li>\n<li>Completely removes excess and saggy skin without leaving scars.<\/li>\n<li>Quick procedure and recovery time.<\/li>\n<li>Treated skin becomes smooth, bright, and wrinkles are eliminated.<\/li>\n<li>Long-lasting effectiveness, comparable to traditional surgical methods.<\/li>\n<li>Plasma technology in aesthetic practices not only helps erase wrinkles and rejuvenate the eye area but also excels in antibacterial properties and skin regeneration. Additionally, it stimulates collagen production, pushing back signs of aging.<\/li>\n<\/ul>\n<div class=\"row\"  id=\"row-1810244578\">\n\n\n\t<div id=\"col-868954766\" class=\"col medium-6 small-12 large-6\"  >\n\t\t\t\t<div class=\"col-inner\"  >\n\t\t\t\n\t\t\t\n\n\t<div class=\"img has-hover x md-x lg-x y md-y lg-y\" id=\"image_1078325097\">\n\t\t\t\t\t\t\t\t<div class=\"img-inner dark\" >\n\t\t\t<img loading=\"lazy\" decoding=\"async\" width=\"1020\" height=\"765\" src=\"https:\/\/thammyvanity.vn\/wp-content\/uploads\/2023\/06\/6-1-1024x768.png\" class=\"attachment-large size-large\" alt=\"\" srcset=\"https:\/\/thammyvanity.vn\/wp-content\/uploads\/2023\/06\/6-1-1024x768.png 1024w, https:\/\/thammyvanity.vn\/wp-content\/uploads\/2023\/06\/6-1-300x225.png 300w, https:\/\/thammyvanity.vn\/wp-content\/uploads\/2023\/06\/6-1-768x576.png 768w, https:\/\/thammyvanity.vn\/wp-content\/uploads\/2023\/06\/6-1.png 1200w\" sizes=\"auto, (max-width: 1020px) 100vw, 1020px\" \/>\t\t\t\t\t\t\n\t\t\t\t\t<\/div>\n\t\t\t\t\t\t\t\t\n<style>\n#image_1078325097 {\n  width: 100%;\n}\n<\/style>\n\t<\/div>\n\t\n\n\n\t\t<\/div>\n\t\t\t\t\t<\/div>\n\n\t\n\n\t<div id=\"col-52932337\" class=\"col medium-6 small-12 large-6\"  >\n\t\t\t\t<div class=\"col-inner\"  >\n\t\t\t\n\t\t\t\n\n\t<div class=\"img has-hover x md-x lg-x y md-y lg-y\" id=\"image_617153922\">\n\t\t\t\t\t\t\t\t<div class=\"img-inner dark\" >\n\t\t\t<img loading=\"lazy\" decoding=\"async\" width=\"1020\" height=\"765\" src=\"https:\/\/thammyvanity.vn\/wp-content\/uploads\/2023\/06\/7-1-1024x768.png\" class=\"attachment-large size-large\" alt=\"\" srcset=\"https:\/\/thammyvanity.vn\/wp-content\/uploads\/2023\/06\/7-1-1024x768.png 1024w, https:\/\/thammyvanity.vn\/wp-content\/uploads\/2023\/06\/7-1-300x225.png 300w, https:\/\/thammyvanity.vn\/wp-content\/uploads\/2023\/06\/7-1-768x576.png 768w, https:\/\/thammyvanity.vn\/wp-content\/uploads\/2023\/06\/7-1.png 1200w\" sizes=\"auto, (max-width: 1020px) 100vw, 1020px\" \/>\t\t\t\t\t\t\n\t\t\t\t\t<\/div>\n\t\t\t\t\t\t\t\t\n<style>\n#image_617153922 {\n  width: 100%;\n}\n<\/style>\n\t<\/div>\n\t\n\n\n\t\t<\/div>\n\t\t\t\t\t<\/div>\n\n\t\n\n<\/div>\n<h2>3. Service Quality at Vanity Aesthetic &amp; Beauty Clinic<\/h2>\n<p><em><strong>Vanity Aesthetics &amp; Beauty Clinic<\/strong><\/em> commits to using 100% imported and reputable products, FDA-certified for safety. The Plasma technology at <em><strong>Vanity<\/strong><\/em> follows strict procedures set by the Ministry of Health to prevent any undesirable complications for clients.<\/p>\n<ul>\n<li>Experienced physicians in internal aesthetic medicine.<\/li>\n<li>Exposure to advanced functional technologies.<\/li>\n<li>Premium services adhering to European standards.<\/li>\n<li>Attended by a highly skilled medical team.<\/li>\n<li>Reasonable costs relative to the achieved effectiveness.<\/li>\n<\/ul>\n<p>\n<a data-animate=\"fadeInLeft\" class=\"button primary is-large lowercase\"  style=\"border-radius:10px;\">\n\t\t<span>Vanity Aesthetics &amp; Beauty Clinic utilizes 100% authentic, imported products directly from the US, specifically the FDA-certified Juv\u00e9derm filler<\/span>\n\t<i class=\"icon-angle-down\" aria-hidden=\"true\" ><\/i><\/a>\n\n\n<a data-animate=\"fadeInLeft\" class=\"button primary is-underline is-large box-shadow-1 lowercase\"  style=\"border-radius:10px;\">\n\t\t<span>Dr. Andy, the first Vietnamese doctor certified by the UK Medical Council, oversees the procedure with a success record of over 10,000 cases, ensuring strict adherence to the Health Ministry's protocols to prevent unwanted complications post-treatment.<\/span>\n\t<\/a>\n\n\n<\/p>\n\n\n\t<div id=\"dat-lich\"\n\t     class=\"lightbox-by-id lightbox-content mfp-hide lightbox-white\"\n\t     style=\"max-width:600px ;padding:20px\">\n\t\t\n <iframe loading=\"lazy\" src=\"https:\/\/vanity.getflycrm.com\/api\/forms\/viewform\/?key=gjr3y3CEkDowdZxs8v8EabyLxwoV4Q5AyQwHKFd3XhubCT26kQ&referrer=\" width=\"100%\" height=\"400px\" frameborder=\"0\" marginheight=\"0\" marginwidth=\"0\">Loading ...<\/iframe> \n\t<\/div>\n\t\t\t<script>\n\t\t\t\/\/ Auto open lightboxes\n\t\t\tjQuery(document).ready(function ($) {\n\t\t\t\t\/* global flatsomeVars *\/\n\t\t\t\t'use strict'\n\t\t\t\tvar cookieId = 'lightbox_dat-lich'\n\t\t\t\tvar cookieValue = 'opened_1'\n\t\t\t\tvar timer = parseInt('30000', 10)\n\n\t\t\t\t\/\/ Auto open lightbox\n\t\t\t\t\n\t\t\t\t\/\/ Run lightbox if no cookie is set\n\t\t\t\tif (Flatsome.cookie(cookieId) !== cookieValue) {\n\n\t\t\t\t\t\/\/ Ensure closing off canvas\n\t\t\t\t\tsetTimeout(function () {\n\t\t\t\t\t\tif (jQuery.fn.magnificPopup) jQuery.magnificPopup.close()\n\t\t\t\t\t}, timer - 350)\n\n\t\t\t\t\t\/\/ Open lightbox\n\t\t\t\t\tsetTimeout(function () {\n\t\t\t\t\t\t$.loadMagnificPopup().then(function() {\n\t\t\t\t\t\t\t$.magnificPopup.open({\n\t\t\t\t\t\t\t\tmidClick: true,\n\t\t\t\t\t\t\t\tremovalDelay: 300,\n\t\t\t\t\t\t\t\t\/\/ closeBtnInside: flatsomeVars.lightbox.close_btn_inside,\n\t\t\t\t\t\t\t\t\/\/ closeMarkup: flatsomeVars.lightbox.close_markup,\n\t\t\t\t\t\t\t\titems: {\n\t\t\t\t\t\t\t\t\tsrc: '#dat-lich',\n\t\t\t\t\t\t\t\t\ttype: 'inline'\n\t\t\t\t\t\t\t\t}\n\t\t\t\t\t\t\t})\n\t\t\t\t\t\t})\n\t\t\t\t\t}, timer)\n\n\t\t\t\t\t\/\/ Set cookie\n\t\t\t\t\tFlatsome.cookie(cookieId, cookieValue, 365)\n\t\t\t\t}\n\t\t\t})\n\t\t<\/script>","protected":false},"excerpt":{"rendered":"","protected":false},"author":1,"featured_media":0,"parent":0,"menu_order":0,"comment_status":"closed","ping_status":"closed","template":"","meta":{"footnotes":""},"class_list":["post-1398","page","type-page","status-publish","hentry"],"yoast_head":"<!-- This site is optimized with the Yoast SEO Premium plugin v23.2 (Yoast SEO v24.0) - https:\/\/yoast.com\/wordpress\/plugins\/seo\/ -->\n<title>C\u00f4ng ngh\u1ec7 Plasma v\u00e0 nh\u1eefng \u1ee9ng d\u1ee5ng \u0111\u1eb7c bi\u1ec7t t\u1ea1i Vanity<\/title>\n<meta name=\"description\" content=\"C\u00f4ng ngh\u1ec7 Plasma t\u1ea1i Vanity \u0111\u1ea1t chu\u1ea9n Ch\u00e2u \u00c2u c\u00f3 c\u00f4ng d\u1ee5ng x\u00f3a nh\u0103n &amp; tr\u1ebb h\u00f3a kh\u00f3e m\u1eaft \u0111\u1ea1t hi\u1ec7u qu\u1ea3 cao v\u00e0 tuy\u1ec7t \u0111\u1ed1i an to\u00e0n v\u1edbi ng\u01b0\u1eddi s\u1eed d\u1ee5ng...\" \/>\n<meta name=\"robots\" content=\"index, follow, max-snippet:-1, max-image-preview:large, max-video-preview:-1\" \/>\n<link rel=\"canonical\" href=\"https:\/\/thammyvanity.vn\/en\/cong-nghe-plasma-va-nhung-ung-dung-dac-biet-tai-vanity\/\" \/>\n<meta property=\"og:locale\" content=\"en_US\" \/>\n<meta property=\"og:type\" content=\"article\" \/>\n<meta property=\"og:title\" content=\"C\u00f4ng ngh\u1ec7 Plasma v\u00e0 nh\u1eefng \u1ee9ng d\u1ee5ng \u0111\u1eb7c bi\u1ec7t t\u1ea1i Vanity\" \/>\n<meta property=\"og:description\" content=\"C\u00f4ng ngh\u1ec7 Plasma t\u1ea1i Vanity \u0111\u1ea1t chu\u1ea9n Ch\u00e2u \u00c2u c\u00f3 c\u00f4ng d\u1ee5ng x\u00f3a nh\u0103n &amp; tr\u1ebb h\u00f3a kh\u00f3e m\u1eaft \u0111\u1ea1t hi\u1ec7u qu\u1ea3 cao v\u00e0 tuy\u1ec7t \u0111\u1ed1i an to\u00e0n v\u1edbi ng\u01b0\u1eddi s\u1eed d\u1ee5ng...\" \/>\n<meta property=\"og:url\" content=\"https:\/\/thammyvanity.vn\/en\/cong-nghe-plasma-va-nhung-ung-dung-dac-biet-tai-vanity\/\" \/>\n<meta property=\"og:site_name\" content=\"Th\u1ea9m m\u1ef9 Vanity\" \/>\n<meta property=\"article:publisher\" content=\"https:\/\/www.facebook.com\/thammyvanity\" \/>\n<meta property=\"article:modified_time\" content=\"2023-07-25T04:29:54+00:00\" \/>\n<meta name=\"twitter:card\" content=\"summary_large_image\" \/>\n<meta name=\"twitter:label1\" content=\"Est. reading time\" \/>\n\t<meta name=\"twitter:data1\" content=\"5 minutes\" \/>\n<script type=\"application\/ld+json\" class=\"yoast-schema-graph\">{\"@context\":\"https:\/\/schema.org\",\"@graph\":[{\"@type\":\"WebPage\",\"@id\":\"https:\/\/thammyvanity.vn\/cong-nghe-plasma-va-nhung-ung-dung-dac-biet-tai-vanity\/\",\"url\":\"https:\/\/thammyvanity.vn\/cong-nghe-plasma-va-nhung-ung-dung-dac-biet-tai-vanity\/\",\"name\":\"C\u00f4ng ngh\u1ec7 Plasma v\u00e0 nh\u1eefng \u1ee9ng d\u1ee5ng \u0111\u1eb7c bi\u1ec7t t\u1ea1i Vanity\",\"isPartOf\":{\"@id\":\"https:\/\/thammyvanity.vn\/#website\"},\"datePublished\":\"2023-05-28T06:31:18+00:00\",\"dateModified\":\"2023-07-25T04:29:54+00:00\",\"description\":\"C\u00f4ng ngh\u1ec7 Plasma t\u1ea1i Vanity \u0111\u1ea1t chu\u1ea9n Ch\u00e2u \u00c2u c\u00f3 c\u00f4ng d\u1ee5ng x\u00f3a nh\u0103n & tr\u1ebb h\u00f3a kh\u00f3e m\u1eaft \u0111\u1ea1t hi\u1ec7u qu\u1ea3 cao v\u00e0 tuy\u1ec7t \u0111\u1ed1i an to\u00e0n v\u1edbi ng\u01b0\u1eddi s\u1eed d\u1ee5ng...\",\"breadcrumb\":{\"@id\":\"https:\/\/thammyvanity.vn\/cong-nghe-plasma-va-nhung-ung-dung-dac-biet-tai-vanity\/#breadcrumb\"},\"inLanguage\":\"en-US\",\"potentialAction\":[{\"@type\":\"ReadAction\",\"target\":[\"https:\/\/thammyvanity.vn\/cong-nghe-plasma-va-nhung-ung-dung-dac-biet-tai-vanity\/\"]}]},{\"@type\":\"BreadcrumbList\",\"@id\":\"https:\/\/thammyvanity.vn\/cong-nghe-plasma-va-nhung-ung-dung-dac-biet-tai-vanity\/#breadcrumb\",\"itemListElement\":[{\"@type\":\"ListItem\",\"position\":1,\"name\":\"Home\",\"item\":\"https:\/\/thammyvanity.vn\/\"},{\"@type\":\"ListItem\",\"position\":2,\"name\":\"C\u00f4ng ngh\u1ec7 Plasma v\u00e0 nh\u1eefng \u1ee9ng d\u1ee5ng \u0111\u1eb7c bi\u1ec7t t\u1ea1i Vanity\"}]},{\"@type\":\"WebSite\",\"@id\":\"https:\/\/thammyvanity.vn\/#website\",\"url\":\"https:\/\/thammyvanity.vn\/\",\"name\":\"Th\u1ea9m m\u1ef9 Vanity\",\"description\":\"\",\"publisher\":{\"@id\":\"https:\/\/thammyvanity.vn\/#organization\"},\"potentialAction\":[{\"@type\":\"SearchAction\",\"target\":{\"@type\":\"EntryPoint\",\"urlTemplate\":\"https:\/\/thammyvanity.vn\/?s={search_term_string}\"},\"query-input\":{\"@type\":\"PropertyValueSpecification\",\"valueRequired\":true,\"valueName\":\"search_term_string\"}}],\"inLanguage\":\"en-US\"},{\"@type\":\"Organization\",\"@id\":\"https:\/\/thammyvanity.vn\/#organization\",\"name\":\"Th\u1ea9m m\u1ef9 Vanity\",\"url\":\"https:\/\/thammyvanity.vn\/\",\"logo\":{\"@type\":\"ImageObject\",\"inLanguage\":\"en-US\",\"@id\":\"https:\/\/thammyvanity.vn\/#\/schema\/logo\/image\/\",\"url\":\"https:\/\/thammyvanity.vn\/wp-content\/uploads\/2023\/05\/logo-width.png\",\"contentUrl\":\"https:\/\/thammyvanity.vn\/wp-content\/uploads\/2023\/05\/logo-width.png\",\"width\":279,\"height\":106,\"caption\":\"Th\u1ea9m m\u1ef9 Vanity\"},\"image\":{\"@id\":\"https:\/\/thammyvanity.vn\/#\/schema\/logo\/image\/\"},\"sameAs\":[\"https:\/\/www.facebook.com\/thammyvanity\"]}]}<\/script>\n<!-- \/ Yoast SEO Premium plugin. -->","yoast_head_json":{"title":"C\u00f4ng ngh\u1ec7 Plasma v\u00e0 nh\u1eefng \u1ee9ng d\u1ee5ng \u0111\u1eb7c bi\u1ec7t t\u1ea1i Vanity","description":"C\u00f4ng ngh\u1ec7 Plasma t\u1ea1i Vanity \u0111\u1ea1t chu\u1ea9n Ch\u00e2u \u00c2u c\u00f3 c\u00f4ng d\u1ee5ng x\u00f3a nh\u0103n & tr\u1ebb h\u00f3a kh\u00f3e m\u1eaft \u0111\u1ea1t hi\u1ec7u qu\u1ea3 cao v\u00e0 tuy\u1ec7t \u0111\u1ed1i an to\u00e0n v\u1edbi ng\u01b0\u1eddi s\u1eed d\u1ee5ng...","robots":{"index":"index","follow":"follow","max-snippet":"max-snippet:-1","max-image-preview":"max-image-preview:large","max-video-preview":"max-video-preview:-1"},"canonical":"https:\/\/thammyvanity.vn\/en\/cong-nghe-plasma-va-nhung-ung-dung-dac-biet-tai-vanity\/","og_locale":"en_US","og_type":"article","og_title":"C\u00f4ng ngh\u1ec7 Plasma v\u00e0 nh\u1eefng \u1ee9ng d\u1ee5ng \u0111\u1eb7c bi\u1ec7t t\u1ea1i Vanity","og_description":"C\u00f4ng ngh\u1ec7 Plasma t\u1ea1i Vanity \u0111\u1ea1t chu\u1ea9n Ch\u00e2u \u00c2u c\u00f3 c\u00f4ng d\u1ee5ng x\u00f3a nh\u0103n & tr\u1ebb h\u00f3a kh\u00f3e m\u1eaft \u0111\u1ea1t hi\u1ec7u qu\u1ea3 cao v\u00e0 tuy\u1ec7t \u0111\u1ed1i an to\u00e0n v\u1edbi ng\u01b0\u1eddi s\u1eed d\u1ee5ng...","og_url":"https:\/\/thammyvanity.vn\/en\/cong-nghe-plasma-va-nhung-ung-dung-dac-biet-tai-vanity\/","og_site_name":"Th\u1ea9m m\u1ef9 Vanity","article_publisher":"https:\/\/www.facebook.com\/thammyvanity","article_modified_time":"2023-07-25T04:29:54+00:00","twitter_card":"summary_large_image","twitter_misc":{"Est. reading time":"5 minutes"},"schema":{"@context":"https:\/\/schema.org","@graph":[{"@type":"WebPage","@id":"https:\/\/thammyvanity.vn\/cong-nghe-plasma-va-nhung-ung-dung-dac-biet-tai-vanity\/","url":"https:\/\/thammyvanity.vn\/cong-nghe-plasma-va-nhung-ung-dung-dac-biet-tai-vanity\/","name":"C\u00f4ng ngh\u1ec7 Plasma v\u00e0 nh\u1eefng \u1ee9ng d\u1ee5ng \u0111\u1eb7c bi\u1ec7t t\u1ea1i Vanity","isPartOf":{"@id":"https:\/\/thammyvanity.vn\/#website"},"datePublished":"2023-05-28T06:31:18+00:00","dateModified":"2023-07-25T04:29:54+00:00","description":"C\u00f4ng ngh\u1ec7 Plasma t\u1ea1i Vanity \u0111\u1ea1t chu\u1ea9n Ch\u00e2u \u00c2u c\u00f3 c\u00f4ng d\u1ee5ng x\u00f3a nh\u0103n & tr\u1ebb h\u00f3a kh\u00f3e m\u1eaft \u0111\u1ea1t hi\u1ec7u qu\u1ea3 cao v\u00e0 tuy\u1ec7t \u0111\u1ed1i an to\u00e0n v\u1edbi ng\u01b0\u1eddi s\u1eed d\u1ee5ng...","breadcrumb":{"@id":"https:\/\/thammyvanity.vn\/cong-nghe-plasma-va-nhung-ung-dung-dac-biet-tai-vanity\/#breadcrumb"},"inLanguage":"en-US","potentialAction":[{"@type":"ReadAction","target":["https:\/\/thammyvanity.vn\/cong-nghe-plasma-va-nhung-ung-dung-dac-biet-tai-vanity\/"]}]},{"@type":"BreadcrumbList","@id":"https:\/\/thammyvanity.vn\/cong-nghe-plasma-va-nhung-ung-dung-dac-biet-tai-vanity\/#breadcrumb","itemListElement":[{"@type":"ListItem","position":1,"name":"Home","item":"https:\/\/thammyvanity.vn\/"},{"@type":"ListItem","position":2,"name":"C\u00f4ng ngh\u1ec7 Plasma v\u00e0 nh\u1eefng \u1ee9ng d\u1ee5ng \u0111\u1eb7c bi\u1ec7t t\u1ea1i Vanity"}]},{"@type":"WebSite","@id":"https:\/\/thammyvanity.vn\/#website","url":"https:\/\/thammyvanity.vn\/","name":"Th\u1ea9m m\u1ef9 Vanity","description":"","publisher":{"@id":"https:\/\/thammyvanity.vn\/#organization"},"potentialAction":[{"@type":"SearchAction","target":{"@type":"EntryPoint","urlTemplate":"https:\/\/thammyvanity.vn\/?s={search_term_string}"},"query-input":{"@type":"PropertyValueSpecification","valueRequired":true,"valueName":"search_term_string"}}],"inLanguage":"en-US"},{"@type":"Organization","@id":"https:\/\/thammyvanity.vn\/#organization","name":"Th\u1ea9m m\u1ef9 Vanity","url":"https:\/\/thammyvanity.vn\/","logo":{"@type":"ImageObject","inLanguage":"en-US","@id":"https:\/\/thammyvanity.vn\/#\/schema\/logo\/image\/","url":"https:\/\/thammyvanity.vn\/wp-content\/uploads\/2023\/05\/logo-width.png","contentUrl":"https:\/\/thammyvanity.vn\/wp-content\/uploads\/2023\/05\/logo-width.png","width":279,"height":106,"caption":"Th\u1ea9m m\u1ef9 Vanity"},"image":{"@id":"https:\/\/thammyvanity.vn\/#\/schema\/logo\/image\/"},"sameAs":["https:\/\/www.facebook.com\/thammyvanity"]}]}},"_links":{"self":[{"href":"https:\/\/thammyvanity.vn\/en\/wp-json\/wp\/v2\/pages\/1398","targetHints":{"allow":["GET"]}}],"collection":[{"href":"https:\/\/thammyvanity.vn\/en\/wp-json\/wp\/v2\/pages"}],"about":[{"href":"https:\/\/thammyvanity.vn\/en\/wp-json\/wp\/v2\/types\/page"}],"author":[{"embeddable":true,"href":"https:\/\/thammyvanity.vn\/en\/wp-json\/wp\/v2\/users\/1"}],"replies":[{"embeddable":true,"href":"https:\/\/thammyvanity.vn\/en\/wp-json\/wp\/v2\/comments?post=1398"}],"version-history":[{"count":2,"href":"https:\/\/thammyvanity.vn\/en\/wp-json\/wp\/v2\/pages\/1398\/revisions"}],"predecessor-version":[{"id":2043,"href":"https:\/\/thammyvanity.vn\/en\/wp-json\/wp\/v2\/pages\/1398\/revisions\/2043"}],"wp:attachment":[{"href":"https:\/\/thammyvanity.vn\/en\/wp-json\/wp\/v2\/media?parent=1398"}],"curies":[{"name":"wp","href":"https:\/\/api.w.org\/{rel}","templated":true}]}}