{"id":1354,"date":"2023-05-28T03:43:13","date_gmt":"2023-05-28T03:43:13","guid":{"rendered":"https:\/\/vanity.lamvinhnguyen.com\/?page_id=1354"},"modified":"2026-02-05T11:49:34","modified_gmt":"2026-02-05T04:49:34","slug":"hifu-ultraformer-iii","status":"publish","type":"page","link":"https:\/\/thammyvanity.vn\/en\/hifu-ultraformer-iii\/","title":{"rendered":"Hifu Ultraformer III"},"content":{"rendered":"<p class=\" translation-block\">For women, time always stands as the adversary of beauty. Beyond the age of 25, the skin begins to exhibit signs of aging from within. Facial wrinkles become a source of self-consciousness, impacting the appearance of many. <strong>Dr. Andy Huynh<\/strong>, wielding the cutting-edge <strong>Hifu Ultraformer III<\/strong> technology at Vanity, addresses these concerns comprehensively.<\/p>\n<div class=\"row align-center\"  id=\"row-1043321287\">\n\n\n\t<div id=\"col-1473741879\" class=\"col small-12 large-12\"  >\n\t\t\t\t<div class=\"col-inner text-center\"  >\n\t\t\t\n\t\t\t\n\n\t<div class=\"img has-hover x md-x lg-x y md-y lg-y\" id=\"image_203245321\">\n\t\t\t\t\t\t<div data-animate=\"fadeInLeft\">\t\t<div class=\"img-inner dark\" >\n\t\t\t<img loading=\"lazy\" decoding=\"async\" width=\"1200\" height=\"900\" src=\"https:\/\/thammyvanity.vn\/wp-content\/uploads\/2023\/06\/13.png\" class=\"attachment-original size-original\" alt=\"\" srcset=\"https:\/\/thammyvanity.vn\/wp-content\/uploads\/2023\/06\/13.png 1200w, https:\/\/thammyvanity.vn\/wp-content\/uploads\/2023\/06\/13-300x225.png 300w, https:\/\/thammyvanity.vn\/wp-content\/uploads\/2023\/06\/13-1024x768.png 1024w, https:\/\/thammyvanity.vn\/wp-content\/uploads\/2023\/06\/13-768x576.png 768w, https:\/\/thammyvanity.vn\/wp-content\/uploads\/2023\/06\/13-600x450.png 600w\" sizes=\"auto, (max-width: 1200px) 100vw, 1200px\" \/>\t\t\t\t\t\t\n\t\t\t\t\t<\/div>\n\t\t<\/div>\t\t\t\t\t\t\n<style>\n#image_203245321 {\n  width: 50%;\n}\n<\/style>\n\t<\/div>\n\t\n\n\n\t\t<\/div>\n\t\t\t\t\t<\/div>\n\n\t\n\n<\/div>\n<h2><b>What is Hifu technology?<\/b><\/h2>\n<p>Ultraformer III &#8211; C\u00f4ng ngh\u1ec7 HIFU n\u00e2ng c\u01a1, ti\u00eau hu\u1ef7 m\u1ee1 th\u1eeba<br \/>Ph\u01b0\u01a1ng ph\u00e1p HIFU Ultraformer III s\u1eed d\u1ee5ng ngu\u1ed3n n\u0103ng l\u01b0\u1ee3ng s\u00f3ng si\u00eau \u00e2m h\u1ed9i t\u1ee5 c\u01b0\u1eddng \u0111\u1ed9 cao gi\u00fap gi\u1ea3m m\u1ee1 d\u01b0\u1edbi da, c\u00f9ng hi\u1ec7u \u1ee9ng nhi\u1ec7t l\u00fd t\u01b0\u1edfng gi\u00fap t\u0103ng sinh collagen hi\u1ec7u qu\u1ea3, t\u1eeb \u0111\u00f3 c\u1ea3i thi\u1ec7n l\u00e0n da ch\u1ed1ng l\u1ea1i qu\u00e1 tr\u00ecnh l\u00e3o ho\u00e1. Ph\u01b0\u01a1ng ph\u00e1p n\u00e0y gi\u00fap b\u1ec7nh nh\u00e2n \u0111i\u1ec1u tr\u1ecb n\u00e2ng c\u01a1, l\u00e0m s\u0103n ch\u1eafc da (m\u1eb7t v\u00e0 to\u00e0n c\u01a1 th\u1ec3), gi\u1ea3m m\u1ee1 kh\u00f4ng x\u00e2m l\u1ea5n, l\u00e0m m\u1edd c\u00e1c n\u1ebfp nh\u0103n kho\u00e9 m\u1eaft, kho\u00e9 mi\u1ec7ng.<\/p>\n<div class=\"row align-center\"  id=\"row-1823815838\">\n\n\n\t<div id=\"col-1248645573\" class=\"col small-12 large-12\"  >\n\t\t\t\t<div class=\"col-inner text-center\"  >\n\t\t\t\n\t\t\t\n\n\t<div class=\"img has-hover x md-x lg-x y md-y lg-y\" id=\"image_215232093\">\n\t\t\t\t\t\t<div data-animate=\"fadeInLeft\">\t\t<div class=\"img-inner dark\" >\n\t\t\t<img loading=\"lazy\" decoding=\"async\" width=\"1200\" height=\"900\" src=\"https:\/\/thammyvanity.vn\/wp-content\/uploads\/2023\/06\/14.png\" class=\"attachment-original size-original\" alt=\"\" srcset=\"https:\/\/thammyvanity.vn\/wp-content\/uploads\/2023\/06\/14.png 1200w, https:\/\/thammyvanity.vn\/wp-content\/uploads\/2023\/06\/14-300x225.png 300w, https:\/\/thammyvanity.vn\/wp-content\/uploads\/2023\/06\/14-1024x768.png 1024w, https:\/\/thammyvanity.vn\/wp-content\/uploads\/2023\/06\/14-768x576.png 768w, https:\/\/thammyvanity.vn\/wp-content\/uploads\/2023\/06\/14-600x450.png 600w\" sizes=\"auto, (max-width: 1200px) 100vw, 1200px\" \/>\t\t\t\t\t\t\n\t\t\t\t\t<\/div>\n\t\t<\/div>\t\t\t\t\t\t\n<style>\n#image_215232093 {\n  width: 50%;\n}\n<\/style>\n\t<\/div>\n\t\n\n\n\t\t<\/div>\n\t\t\t\t\t<\/div>\n\n\t\n\n<\/div>\n<h2><b>Hifu Ultraformer III at Vanity Aesthetics &amp; Beauty Clinic<\/b><\/h2>\n<p><span style=\"font-weight: 400;\">Vi\u1ec7c s\u1eed d\u1ee5ng <strong>Hifu Ultraformer III t\u1ea1i Vanity<\/strong> \u0111\u01b0\u1ee3c r\u1ea5t nhi\u1ec1u ng\u01b0\u1eddi c\u00f3 s\u1ee9c \u1ea3nh h\u01b0\u1edfng tin t\u01b0\u1edfng s\u1eed d\u1ee5ng. B\u1ea1n s\u1ebd \u0111\u01b0\u1ee3c t\u1eadn h\u01b0\u1edfng c\u00e1c c\u00f4ng ngh\u1ec7 c\u00f3 c\u00f4ng n\u0103ng \u0111\u1eb7c bi\u1ec7t v\u1edbi ti\u00eau chu\u1ea9n Ch\u00e2u \u00c2u. C\u00f9ng v\u1edbi \u0111\u00f3 l\u00e0 tr\u1ea3i nghi\u1ec7m kh\u00e1ch h\u00e0ng cao c\u1ea5p \u0111\u01b0\u1ee3c ch\u0103m s\u00f3c b\u1edfi \u0111\u1ed9i ng\u0169 y b\u00e1c s\u0129 c\u00f3 tay ngh\u1ec1 cao<\/span><span style=\"font-weight: 400;\">.\u00a0B\u1ea1n c\u00f3 th\u1ec3 ho\u00e0n to\u00e0n tin t\u01b0\u1edfng tr\u1ea3i nghi\u1ec7m nh\u1eefng d\u1ecbch v\u1ee5 c\u1ee7a Vanity m\u00e0 kh\u00f4ng c\u1ea7n ph\u1ea3i b\u0103n kho\u0103n.<\/span><\/p>\n<p><strong>M\u1ed9t l\u00e0n da t\u01b0\u01a1i tr\u1ebb kh\u00f4ng n\u1ebfp nh\u0103n \u0111\u00e3 kh\u00f4ng c\u00f2n l\u00e0 \u01b0\u1edbc m\u01a1 \u0111\u1ed1i v\u1edbi c\u00e1c kh\u00e1ch h\u00e0ng \u1edf \u0111\u1ed9 tu\u1ed5i n\u00e0o \u0111i ch\u0103ng n\u1eefa. H\u00e3y \u0111\u1ebfn Ph\u00f2ng kh\u00e1m Da li\u1ec5u Vanity n\u1eb1m \u1edf v\u1ecb tr\u00ed trung t\u00e2m qu\u1eadn 1 S\u00e0i G\u00f2n (24 Hai B\u00e0 Tr\u01b0ng). C\u00f9ng tr\u1ea3i nghi\u1ec7m c\u00f4ng ngh\u1ec7 Hifu Ultraformer III, l\u1ea5y l\u1ea1i s\u1ef1 t\u01b0\u01a1i tr\u1ebb v\u00e0 gi\u1eef m\u00e3i n\u00e9t thanh xu\u00e2n tr\u00ean g\u01b0\u01a1ng m\u1eb7t c\u1ee7a b\u1ea1n.<\/strong><\/p>\n<div class=\"row align-center\"  id=\"row-2131236517\">\n\n\n\t<div id=\"col-2143769410\" class=\"col small-12 large-12\"  >\n\t\t\t\t<div class=\"col-inner text-center\"  >\n\t\t\t\n\t\t\t\n\n\t<div class=\"img has-hover x md-x lg-x y md-y lg-y\" id=\"image_1951934897\">\n\t\t\t\t\t\t<div data-animate=\"fadeInLeft\">\t\t<div class=\"img-inner dark\" >\n\t\t\t<img loading=\"lazy\" decoding=\"async\" width=\"1200\" height=\"900\" src=\"https:\/\/thammyvanity.vn\/wp-content\/uploads\/2023\/06\/15.png\" class=\"attachment-original size-original\" alt=\"\" srcset=\"https:\/\/thammyvanity.vn\/wp-content\/uploads\/2023\/06\/15.png 1200w, https:\/\/thammyvanity.vn\/wp-content\/uploads\/2023\/06\/15-300x225.png 300w, https:\/\/thammyvanity.vn\/wp-content\/uploads\/2023\/06\/15-1024x768.png 1024w, https:\/\/thammyvanity.vn\/wp-content\/uploads\/2023\/06\/15-768x576.png 768w, https:\/\/thammyvanity.vn\/wp-content\/uploads\/2023\/06\/15-600x450.png 600w\" sizes=\"auto, (max-width: 1200px) 100vw, 1200px\" \/>\t\t\t\t\t\t\n\t\t\t\t\t<\/div>\n\t\t<\/div>\t\t\t\t\t\t\n<style>\n#image_1951934897 {\n  width: 50%;\n}\n<\/style>\n\t<\/div>\n\t\n\n\n\t\t<\/div>\n\t\t\t\t\t<\/div>\n\n\t\n\n<\/div>\n\n\t<section class=\"section\" id=\"section_162923665\">\n\t\t<div class=\"section-bg fill\" >\n\t\t\t\t\t\t\t\t\t\n\t\t\t\n\n\t\t<\/div>\n\n\t\t\n\n\t\t<div class=\"section-content relative\">\n\t\t\t\n\n<div class=\"container section-title-container\" ><h3 class=\"section-title section-title-center\"><b><\/b><span class=\"section-title-main\" style=\"color:rgb(87, 5, 149);\"><i class=\"icon-clock\" ><\/i>\u0111\u1eb7t l\u1ecbch d\u1ecbch v\u1ee5 tr\u1ebb h\u00f3a<\/span><b><\/b><\/h3><\/div>\n\n<iframe loading=\"lazy\" src=\"https:\/\/vanity.getflycrm.com\/api\/forms\/viewform\/?key=0vffnglEulvttDDscjUF97VoklosAFrG9wVox9Nn8NyUBxjY7t\" width=\"100%\" height=\"800px\" frameborder=\"0\" marginheight=\"0\" marginwidth=\"0\">Loading ...<\/iframe>\n\n\n\t\t<\/div>\n\n\t\t\n<style>\n#section_162923665 {\n  padding-top: 0px;\n  padding-bottom: 0px;\n  margin-bottom: -293px;\n}\n<\/style>\n\t<\/section>\n\t\n\n\n\t<div id=\"dat-lich\"\n\t     class=\"lightbox-by-id lightbox-content mfp-hide lightbox-white\"\n\t     style=\"max-width:600px ;padding:20px\">\n\t\t\n <iframe loading=\"lazy\" src=\"https:\/\/vanity.getflycrm.com\/api\/forms\/viewform\/?key=gjr3y3CEkDowdZxs8v8EabyLxwoV4Q5AyQwHKFd3XhubCT26kQ&referrer=\" width=\"100%\" height=\"400px\" frameborder=\"0\" marginheight=\"0\" marginwidth=\"0\">Loading ...<\/iframe> \n\t<\/div>\n\t\t\t<script>\n\t\t\t\/\/ Auto open lightboxes\n\t\t\tjQuery(document).ready(function ($) {\n\t\t\t\t\/* global flatsomeVars *\/\n\t\t\t\t'use strict'\n\t\t\t\tvar cookieId = 'lightbox_dat-lich'\n\t\t\t\tvar cookieValue = 'opened_1'\n\t\t\t\tvar timer = parseInt('30000', 10)\n\n\t\t\t\t\/\/ Auto open lightbox\n\t\t\t\t\n\t\t\t\t\/\/ Run lightbox if no cookie is set\n\t\t\t\tif (Flatsome.cookie(cookieId) !== cookieValue) {\n\n\t\t\t\t\t\/\/ Ensure closing off canvas\n\t\t\t\t\tsetTimeout(function () {\n\t\t\t\t\t\tif (jQuery.fn.magnificPopup) jQuery.magnificPopup.close()\n\t\t\t\t\t}, timer - 350)\n\n\t\t\t\t\t\/\/ Open lightbox\n\t\t\t\t\tsetTimeout(function () {\n\t\t\t\t\t\t$.loadMagnificPopup().then(function() {\n\t\t\t\t\t\t\t$.magnificPopup.open({\n\t\t\t\t\t\t\t\tmidClick: true,\n\t\t\t\t\t\t\t\tremovalDelay: 300,\n\t\t\t\t\t\t\t\t\/\/ closeBtnInside: flatsomeVars.lightbox.close_btn_inside,\n\t\t\t\t\t\t\t\t\/\/ closeMarkup: flatsomeVars.lightbox.close_markup,\n\t\t\t\t\t\t\t\titems: {\n\t\t\t\t\t\t\t\t\tsrc: '#dat-lich',\n\t\t\t\t\t\t\t\t\ttype: 'inline'\n\t\t\t\t\t\t\t\t}\n\t\t\t\t\t\t\t})\n\t\t\t\t\t\t})\n\t\t\t\t\t}, timer)\n\n\t\t\t\t\t\/\/ Set cookie\n\t\t\t\t\tFlatsome.cookie(cookieId, cookieValue, 365)\n\t\t\t\t}\n\t\t\t})\n\t\t<\/script>","protected":false},"excerpt":{"rendered":"","protected":false},"author":1,"featured_media":1679,"parent":0,"menu_order":0,"comment_status":"closed","ping_status":"closed","template":"","meta":{"footnotes":""},"class_list":["post-1354","page","type-page","status-publish","has-post-thumbnail","hentry"],"yoast_head":"<!-- This site is optimized with the Yoast SEO Premium plugin v23.2 (Yoast SEO v24.0) - https:\/\/yoast.com\/wordpress\/plugins\/seo\/ -->\n<title>Hifu Ultraformer III - Vanity Aesthetics &amp; Beauty Clinic<\/title>\n<meta name=\"description\" content=\"Hifu Ultraformer III c\u1ee7a Vanity v\u1edbi c\u00f4ng ngh\u1ec7 th\u1ef1c hi\u1ec7n b\u1edfi Dr.Andy Hu\u1ef3nh - B\u00e1c s\u0129 Vi\u1ec7t Nam \u0111\u1ea7u ti\u00ean \u0111\u01b0\u1ee3c c\u1ea5p ch\u1ee9ng ch\u1ec9 h\u00e0nh ngh\u1ec1 t\u1ea1i Anh...\" \/>\n<meta name=\"robots\" content=\"index, follow, max-snippet:-1, max-image-preview:large, max-video-preview:-1\" \/>\n<link rel=\"canonical\" href=\"https:\/\/thammyvanity.vn\/en\/hifu-ultraformer-iii\/\" \/>\n<meta property=\"og:locale\" content=\"en_US\" \/>\n<meta property=\"og:type\" content=\"article\" \/>\n<meta property=\"og:title\" content=\"Hifu Ultraformer III\" \/>\n<meta property=\"og:description\" content=\"Hifu Ultraformer III c\u1ee7a Vanity v\u1edbi c\u00f4ng ngh\u1ec7 th\u1ef1c hi\u1ec7n b\u1edfi Dr.Andy Hu\u1ef3nh - B\u00e1c s\u0129 Vi\u1ec7t Nam \u0111\u1ea7u ti\u00ean \u0111\u01b0\u1ee3c c\u1ea5p ch\u1ee9ng ch\u1ec9 h\u00e0nh ngh\u1ec1 t\u1ea1i Anh...\" \/>\n<meta property=\"og:url\" content=\"https:\/\/thammyvanity.vn\/en\/hifu-ultraformer-iii\/\" \/>\n<meta property=\"og:site_name\" content=\"Th\u1ea9m m\u1ef9 Vanity\" \/>\n<meta property=\"article:publisher\" content=\"https:\/\/www.facebook.com\/thammyvanity\" \/>\n<meta property=\"article:modified_time\" content=\"2026-02-05T04:49:34+00:00\" \/>\n<meta property=\"og:image\" content=\"http:\/\/thammyvanity.vn\/wp-content\/uploads\/2023\/06\/13.png\" \/>\n\t<meta property=\"og:image:width\" content=\"1200\" \/>\n\t<meta property=\"og:image:height\" content=\"900\" \/>\n\t<meta property=\"og:image:type\" content=\"image\/png\" \/>\n<meta name=\"twitter:card\" content=\"summary_large_image\" \/>\n<meta name=\"twitter:label1\" content=\"Est. reading time\" \/>\n\t<meta name=\"twitter:data1\" content=\"3 minutes\" \/>\n<script type=\"application\/ld+json\" class=\"yoast-schema-graph\">{\"@context\":\"https:\/\/schema.org\",\"@graph\":[{\"@type\":\"WebPage\",\"@id\":\"https:\/\/thammyvanity.vn\/hifu-ultraformer-iii\/\",\"url\":\"https:\/\/thammyvanity.vn\/hifu-ultraformer-iii\/\",\"name\":\"Hifu Ultraformer III - Vanity Aesthetics & Beauty Clinic\",\"isPartOf\":{\"@id\":\"https:\/\/thammyvanity.vn\/#website\"},\"primaryImageOfPage\":{\"@id\":\"https:\/\/thammyvanity.vn\/hifu-ultraformer-iii\/#primaryimage\"},\"image\":{\"@id\":\"https:\/\/thammyvanity.vn\/hifu-ultraformer-iii\/#primaryimage\"},\"thumbnailUrl\":\"https:\/\/thammyvanity.vn\/wp-content\/uploads\/2023\/06\/13.png\",\"datePublished\":\"2023-05-28T03:43:13+00:00\",\"dateModified\":\"2026-02-05T04:49:34+00:00\",\"description\":\"Hifu Ultraformer III c\u1ee7a Vanity v\u1edbi c\u00f4ng ngh\u1ec7 th\u1ef1c hi\u1ec7n b\u1edfi Dr.Andy Hu\u1ef3nh - B\u00e1c s\u0129 Vi\u1ec7t Nam \u0111\u1ea7u ti\u00ean \u0111\u01b0\u1ee3c c\u1ea5p ch\u1ee9ng ch\u1ec9 h\u00e0nh ngh\u1ec1 t\u1ea1i Anh...\",\"breadcrumb\":{\"@id\":\"https:\/\/thammyvanity.vn\/hifu-ultraformer-iii\/#breadcrumb\"},\"inLanguage\":\"en-US\",\"potentialAction\":[{\"@type\":\"ReadAction\",\"target\":[\"https:\/\/thammyvanity.vn\/hifu-ultraformer-iii\/\"]}]},{\"@type\":\"ImageObject\",\"inLanguage\":\"en-US\",\"@id\":\"https:\/\/thammyvanity.vn\/hifu-ultraformer-iii\/#primaryimage\",\"url\":\"https:\/\/thammyvanity.vn\/wp-content\/uploads\/2023\/06\/13.png\",\"contentUrl\":\"https:\/\/thammyvanity.vn\/wp-content\/uploads\/2023\/06\/13.png\",\"width\":1200,\"height\":900},{\"@type\":\"BreadcrumbList\",\"@id\":\"https:\/\/thammyvanity.vn\/hifu-ultraformer-iii\/#breadcrumb\",\"itemListElement\":[{\"@type\":\"ListItem\",\"position\":1,\"name\":\"Home\",\"item\":\"https:\/\/thammyvanity.vn\/\"},{\"@type\":\"ListItem\",\"position\":2,\"name\":\"Hifu Ultraformer III\"}]},{\"@type\":\"WebSite\",\"@id\":\"https:\/\/thammyvanity.vn\/#website\",\"url\":\"https:\/\/thammyvanity.vn\/\",\"name\":\"Th\u1ea9m m\u1ef9 Vanity\",\"description\":\"\",\"publisher\":{\"@id\":\"https:\/\/thammyvanity.vn\/#organization\"},\"potentialAction\":[{\"@type\":\"SearchAction\",\"target\":{\"@type\":\"EntryPoint\",\"urlTemplate\":\"https:\/\/thammyvanity.vn\/?s={search_term_string}\"},\"query-input\":{\"@type\":\"PropertyValueSpecification\",\"valueRequired\":true,\"valueName\":\"search_term_string\"}}],\"inLanguage\":\"en-US\"},{\"@type\":\"Organization\",\"@id\":\"https:\/\/thammyvanity.vn\/#organization\",\"name\":\"Th\u1ea9m m\u1ef9 Vanity\",\"url\":\"https:\/\/thammyvanity.vn\/\",\"logo\":{\"@type\":\"ImageObject\",\"inLanguage\":\"en-US\",\"@id\":\"https:\/\/thammyvanity.vn\/#\/schema\/logo\/image\/\",\"url\":\"https:\/\/thammyvanity.vn\/wp-content\/uploads\/2023\/05\/logo-width.png\",\"contentUrl\":\"https:\/\/thammyvanity.vn\/wp-content\/uploads\/2023\/05\/logo-width.png\",\"width\":279,\"height\":106,\"caption\":\"Th\u1ea9m m\u1ef9 Vanity\"},\"image\":{\"@id\":\"https:\/\/thammyvanity.vn\/#\/schema\/logo\/image\/\"},\"sameAs\":[\"https:\/\/www.facebook.com\/thammyvanity\"]}]}<\/script>\n<!-- \/ Yoast SEO Premium plugin. -->","yoast_head_json":{"title":"Hifu Ultraformer III - Vanity Aesthetics & Beauty Clinic","description":"Hifu Ultraformer III c\u1ee7a Vanity v\u1edbi c\u00f4ng ngh\u1ec7 th\u1ef1c hi\u1ec7n b\u1edfi Dr.Andy Hu\u1ef3nh - B\u00e1c s\u0129 Vi\u1ec7t Nam \u0111\u1ea7u ti\u00ean \u0111\u01b0\u1ee3c c\u1ea5p ch\u1ee9ng ch\u1ec9 h\u00e0nh ngh\u1ec1 t\u1ea1i Anh...","robots":{"index":"index","follow":"follow","max-snippet":"max-snippet:-1","max-image-preview":"max-image-preview:large","max-video-preview":"max-video-preview:-1"},"canonical":"https:\/\/thammyvanity.vn\/en\/hifu-ultraformer-iii\/","og_locale":"en_US","og_type":"article","og_title":"Hifu Ultraformer III","og_description":"Hifu Ultraformer III c\u1ee7a Vanity v\u1edbi c\u00f4ng ngh\u1ec7 th\u1ef1c hi\u1ec7n b\u1edfi Dr.Andy Hu\u1ef3nh - B\u00e1c s\u0129 Vi\u1ec7t Nam \u0111\u1ea7u ti\u00ean \u0111\u01b0\u1ee3c c\u1ea5p ch\u1ee9ng ch\u1ec9 h\u00e0nh ngh\u1ec1 t\u1ea1i Anh...","og_url":"https:\/\/thammyvanity.vn\/en\/hifu-ultraformer-iii\/","og_site_name":"Th\u1ea9m m\u1ef9 Vanity","article_publisher":"https:\/\/www.facebook.com\/thammyvanity","article_modified_time":"2026-02-05T04:49:34+00:00","og_image":[{"width":1200,"height":900,"url":"http:\/\/thammyvanity.vn\/wp-content\/uploads\/2023\/06\/13.png","type":"image\/png"}],"twitter_card":"summary_large_image","twitter_misc":{"Est. reading time":"3 minutes"},"schema":{"@context":"https:\/\/schema.org","@graph":[{"@type":"WebPage","@id":"https:\/\/thammyvanity.vn\/hifu-ultraformer-iii\/","url":"https:\/\/thammyvanity.vn\/hifu-ultraformer-iii\/","name":"Hifu Ultraformer III - Vanity Aesthetics & Beauty Clinic","isPartOf":{"@id":"https:\/\/thammyvanity.vn\/#website"},"primaryImageOfPage":{"@id":"https:\/\/thammyvanity.vn\/hifu-ultraformer-iii\/#primaryimage"},"image":{"@id":"https:\/\/thammyvanity.vn\/hifu-ultraformer-iii\/#primaryimage"},"thumbnailUrl":"https:\/\/thammyvanity.vn\/wp-content\/uploads\/2023\/06\/13.png","datePublished":"2023-05-28T03:43:13+00:00","dateModified":"2026-02-05T04:49:34+00:00","description":"Hifu Ultraformer III c\u1ee7a Vanity v\u1edbi c\u00f4ng ngh\u1ec7 th\u1ef1c hi\u1ec7n b\u1edfi Dr.Andy Hu\u1ef3nh - B\u00e1c s\u0129 Vi\u1ec7t Nam \u0111\u1ea7u ti\u00ean \u0111\u01b0\u1ee3c c\u1ea5p ch\u1ee9ng ch\u1ec9 h\u00e0nh ngh\u1ec1 t\u1ea1i Anh...","breadcrumb":{"@id":"https:\/\/thammyvanity.vn\/hifu-ultraformer-iii\/#breadcrumb"},"inLanguage":"en-US","potentialAction":[{"@type":"ReadAction","target":["https:\/\/thammyvanity.vn\/hifu-ultraformer-iii\/"]}]},{"@type":"ImageObject","inLanguage":"en-US","@id":"https:\/\/thammyvanity.vn\/hifu-ultraformer-iii\/#primaryimage","url":"https:\/\/thammyvanity.vn\/wp-content\/uploads\/2023\/06\/13.png","contentUrl":"https:\/\/thammyvanity.vn\/wp-content\/uploads\/2023\/06\/13.png","width":1200,"height":900},{"@type":"BreadcrumbList","@id":"https:\/\/thammyvanity.vn\/hifu-ultraformer-iii\/#breadcrumb","itemListElement":[{"@type":"ListItem","position":1,"name":"Home","item":"https:\/\/thammyvanity.vn\/"},{"@type":"ListItem","position":2,"name":"Hifu Ultraformer III"}]},{"@type":"WebSite","@id":"https:\/\/thammyvanity.vn\/#website","url":"https:\/\/thammyvanity.vn\/","name":"Th\u1ea9m m\u1ef9 Vanity","description":"","publisher":{"@id":"https:\/\/thammyvanity.vn\/#organization"},"potentialAction":[{"@type":"SearchAction","target":{"@type":"EntryPoint","urlTemplate":"https:\/\/thammyvanity.vn\/?s={search_term_string}"},"query-input":{"@type":"PropertyValueSpecification","valueRequired":true,"valueName":"search_term_string"}}],"inLanguage":"en-US"},{"@type":"Organization","@id":"https:\/\/thammyvanity.vn\/#organization","name":"Th\u1ea9m m\u1ef9 Vanity","url":"https:\/\/thammyvanity.vn\/","logo":{"@type":"ImageObject","inLanguage":"en-US","@id":"https:\/\/thammyvanity.vn\/#\/schema\/logo\/image\/","url":"https:\/\/thammyvanity.vn\/wp-content\/uploads\/2023\/05\/logo-width.png","contentUrl":"https:\/\/thammyvanity.vn\/wp-content\/uploads\/2023\/05\/logo-width.png","width":279,"height":106,"caption":"Th\u1ea9m m\u1ef9 Vanity"},"image":{"@id":"https:\/\/thammyvanity.vn\/#\/schema\/logo\/image\/"},"sameAs":["https:\/\/www.facebook.com\/thammyvanity"]}]}},"_links":{"self":[{"href":"https:\/\/thammyvanity.vn\/en\/wp-json\/wp\/v2\/pages\/1354","targetHints":{"allow":["GET"]}}],"collection":[{"href":"https:\/\/thammyvanity.vn\/en\/wp-json\/wp\/v2\/pages"}],"about":[{"href":"https:\/\/thammyvanity.vn\/en\/wp-json\/wp\/v2\/types\/page"}],"author":[{"embeddable":true,"href":"https:\/\/thammyvanity.vn\/en\/wp-json\/wp\/v2\/users\/1"}],"replies":[{"embeddable":true,"href":"https:\/\/thammyvanity.vn\/en\/wp-json\/wp\/v2\/comments?post=1354"}],"version-history":[{"count":3,"href":"https:\/\/thammyvanity.vn\/en\/wp-json\/wp\/v2\/pages\/1354\/revisions"}],"predecessor-version":[{"id":3250,"href":"https:\/\/thammyvanity.vn\/en\/wp-json\/wp\/v2\/pages\/1354\/revisions\/3250"}],"wp:featuredmedia":[{"embeddable":true,"href":"https:\/\/thammyvanity.vn\/en\/wp-json\/wp\/v2\/media\/1679"}],"wp:attachment":[{"href":"https:\/\/thammyvanity.vn\/en\/wp-json\/wp\/v2\/media?parent=1354"}],"curies":[{"name":"wp","href":"https:\/\/api.w.org\/{rel}","templated":true}]}}